{"id":1413,"date":"2022-02-16T17:23:12","date_gmt":"2022-02-16T17:23:12","guid":{"rendered":"https:\/\/icca-coaching.org\/ConsejoICCA\/?page_id=1413"},"modified":"2022-02-16T20:17:05","modified_gmt":"2022-02-16T20:17:05","slug":"certificaciones","status":"publish","type":"page","link":"https:\/\/icca-coaching.org\/ConsejoICCA\/certificaciones\/","title":{"rendered":"Certificaciones"},"content":{"rendered":"\t\t<div data-elementor-type=\"wp-page\" data-elementor-id=\"1413\" class=\"elementor elementor-1413\">\n\t\t\t\t\t\t\t\t\t<section class=\"elementor-section elementor-top-section elementor-element elementor-element-55ad0fbc elementor-section-boxed elementor-section-height-default elementor-section-height-default\" data-id=\"55ad0fbc\" data-element_type=\"section\">\n\t\t\t\t\t\t<div class=\"elementor-container elementor-column-gap-default\">\n\t\t\t\t\t<div class=\"elementor-column elementor-col-50 elementor-top-column elementor-element elementor-element-7954a5c4\" data-id=\"7954a5c4\" data-element_type=\"column\">\n\t\t\t<div class=\"elementor-widget-wrap elementor-element-populated\">\n\t\t\t\t\t\t\t\t<div class=\"elementor-element elementor-element-e9343a7 elementor-widget elementor-widget-accordion\" data-id=\"e9343a7\" data-element_type=\"widget\" data-widget_type=\"accordion.default\">\n\t\t\t\t<div class=\"elementor-widget-container\">\n\t\t\t<style>\/*! elementor - v3.6.4 - 13-04-2022 *\/\n.elementor-accordion{text-align:left}.elementor-accordion .elementor-accordion-item{border:1px solid #d4d4d4}.elementor-accordion .elementor-accordion-item+.elementor-accordion-item{border-top:none}.elementor-accordion .elementor-tab-title{margin:0;padding:15px 20px;font-weight:700;line-height:1;cursor:pointer;outline:none}.elementor-accordion .elementor-tab-title .elementor-accordion-icon{display:inline-block;width:1.5em}.elementor-accordion .elementor-tab-title .elementor-accordion-icon svg{width:1em;height:1em}.elementor-accordion .elementor-tab-title .elementor-accordion-icon.elementor-accordion-icon-right{float:right;text-align:right}.elementor-accordion .elementor-tab-title .elementor-accordion-icon.elementor-accordion-icon-left{float:left;text-align:left}.elementor-accordion .elementor-tab-title .elementor-accordion-icon .elementor-accordion-icon-closed{display:block}.elementor-accordion .elementor-tab-title .elementor-accordion-icon .elementor-accordion-icon-opened,.elementor-accordion .elementor-tab-title.elementor-active .elementor-accordion-icon-closed{display:none}.elementor-accordion .elementor-tab-title.elementor-active .elementor-accordion-icon-opened{display:block}.elementor-accordion .elementor-tab-content{display:none;padding:15px 20px;border-top:1px solid #d4d4d4}@media (max-width:767px){.elementor-accordion .elementor-tab-title{padding:12px 15px}.elementor-accordion .elementor-tab-title .elementor-accordion-icon{width:1.2em}.elementor-accordion .elementor-tab-content{padding:7px 15px}}<\/style>\t\t<div class=\"elementor-accordion\" role=\"tablist\">\n\t\t\t\t\t\t\t<div class=\"elementor-accordion-item\">\n\t\t\t\t\t<div id=\"elementor-tab-title-2441\" class=\"elementor-tab-title\" data-tab=\"1\" role=\"tab\" aria-controls=\"elementor-tab-content-2441\" aria-expanded=\"false\">\n\t\t\t\t\t\t\t\t\t\t\t\t\t<span class=\"elementor-accordion-icon elementor-accordion-icon-left\" aria-hidden=\"true\">\n\t\t\t\t\t\t\t\t\t\t\t\t\t\t\t<span class=\"elementor-accordion-icon-closed\"><i class=\"fas fa-plus\"><\/i><\/span>\n\t\t\t\t\t\t\t\t<span class=\"elementor-accordion-icon-opened\"><i class=\"fas fa-minus\"><\/i><\/span>\n\t\t\t\t\t\t\t\t\t\t\t\t\t\t<\/span>\n\t\t\t\t\t\t\t\t\t\t\t\t<a class=\"elementor-accordion-title\" href=\"\">Membres\u00eda Personal I.C.C.A<\/a>\n\t\t\t\t\t<\/div>\n\t\t\t\t\t<div id=\"elementor-tab-content-2441\" class=\"elementor-tab-content elementor-clearfix\" data-tab=\"1\" role=\"tabpanel\" aria-labelledby=\"elementor-tab-title-2441\"><p>La <b>Membres\u00eda Personal I.C.C.A\u00a0<\/b>\u00a0 aplica para todos aquellos simpatizantes del Coaching que tengan afinidad con la filosof\u00eda y lineamientos del Consejo I.C.C.A., estos\u00a0 deben dar\u00a0 evidencias\u00a0 de Profesionalidad, Compromiso y comprometerse a respetar los\u00a0 est\u00e1ndares\u00a0 establecidos en Nuestro C\u00f3digo de \u00c9tica<span style=\"font-style: inherit; font-weight: inherit; color: var( --e-global-color-text ); font-family: var( --e-global-typography-text-font-family ), Sans-serif;\">\u2026<\/span><span style=\"font-family: var( --e-global-typography-text-font-family ), Sans-serif;\"><span style=\"font-style: inherit; font-weight: inherit; background-color: #ffffff;\"><a href=\"https:\/\/icca-coaching.org\/ConsejoICCA\/descripcion\/\">Leer m\u00e1s<\/a><\/span><\/span><\/p><p><span style=\"font-style: inherit; color: var( --e-global-color-text ); font-family: var( --e-global-typography-text-font-family ), Sans-serif;\"><b>Beneficios<\/b><\/span><\/p><ul><li><span style=\"color: var( --e-global-color-text ); font-family: var( --e-global-typography-text-font-family ), Sans-serif; font-style: inherit; font-weight: inherit;\">Incrementa su reputaci\u00f3n profesional<\/span><\/li><li><span style=\"font-style: inherit; font-weight: inherit; color: var( --e-global-color-text ); font-family: var( --e-global-typography-text-font-family ), Sans-serif;\">Da prestigio\u2026<\/span><span style=\"font-family: var( --e-global-typography-text-font-family ), Sans-serif;\"><span style=\"font-style: inherit; font-weight: inherit; background-color: #ffffff;\"><a href=\"https:\/\/icca-coaching.org\/ConsejoICCA\/beneficios\/\">Leer m\u00e1s<\/a><\/span><\/span><\/li><\/ul><\/div>\n\t\t\t\t<\/div>\n\t\t\t\t\t\t\t<div class=\"elementor-accordion-item\">\n\t\t\t\t\t<div id=\"elementor-tab-title-2442\" class=\"elementor-tab-title\" data-tab=\"2\" role=\"tab\" aria-controls=\"elementor-tab-content-2442\" aria-expanded=\"false\">\n\t\t\t\t\t\t\t\t\t\t\t\t\t<span class=\"elementor-accordion-icon elementor-accordion-icon-left\" aria-hidden=\"true\">\n\t\t\t\t\t\t\t\t\t\t\t\t\t\t\t<span class=\"elementor-accordion-icon-closed\"><i class=\"fas fa-plus\"><\/i><\/span>\n\t\t\t\t\t\t\t\t<span class=\"elementor-accordion-icon-opened\"><i class=\"fas fa-minus\"><\/i><\/span>\n\t\t\t\t\t\t\t\t\t\t\t\t\t\t<\/span>\n\t\t\t\t\t\t\t\t\t\t\t\t<a class=\"elementor-accordion-title\" href=\"\">Certificaci\u00f3n Coach Profesional I.C.C.A.(por competencias)<\/a>\n\t\t\t\t\t<\/div>\n\t\t\t\t\t<div id=\"elementor-tab-content-2442\" class=\"elementor-tab-content elementor-clearfix\" data-tab=\"2\" role=\"tabpanel\" aria-labelledby=\"elementor-tab-title-2442\"><p>La\u00a0<strong>Certificaci\u00f3n Coach Profesional I.C.C.A.<\/strong> es el proceso aplicado a individuos profesionales del Coaching que hayan cumplido un m\u00ednimo de 18 meses de Capacitaci\u00f3n y 12 meses de Practica<a href=\"https:\/\/icca-coaching.org\/ConsejoICCA\/certificacion-profesional-descripcion\/\">\u2026Leer m\u00e1s<\/a><\/p><p><b>Beneficios<\/b><\/p><div><ul><li><p>Avala su formaci\u00f3n te\u00f3rica y pr\u00e1ctica.<\/p><\/li><li><p>Da seguridad a sus clientes<a href=\"https:\/\/icca-coaching.org\/ConsejoICCA\/certificacion-profesional-beneficios\/\">\u2026Leer m\u00e1s<\/a><\/p><\/li><\/ul><\/div><\/div>\n\t\t\t\t<\/div>\n\t\t\t\t\t\t\t<div class=\"elementor-accordion-item\">\n\t\t\t\t\t<div id=\"elementor-tab-title-2443\" class=\"elementor-tab-title\" data-tab=\"3\" role=\"tab\" aria-controls=\"elementor-tab-content-2443\" aria-expanded=\"false\">\n\t\t\t\t\t\t\t\t\t\t\t\t\t<span class=\"elementor-accordion-icon elementor-accordion-icon-left\" aria-hidden=\"true\">\n\t\t\t\t\t\t\t\t\t\t\t\t\t\t\t<span class=\"elementor-accordion-icon-closed\"><i class=\"fas fa-plus\"><\/i><\/span>\n\t\t\t\t\t\t\t\t<span class=\"elementor-accordion-icon-opened\"><i class=\"fas fa-minus\"><\/i><\/span>\n\t\t\t\t\t\t\t\t\t\t\t\t\t\t<\/span>\n\t\t\t\t\t\t\t\t\t\t\t\t<a class=\"elementor-accordion-title\" href=\"\">Certificaci\u00f3n Coach Trainer I.C.C.A.<\/a>\n\t\t\t\t\t<\/div>\n\t\t\t\t\t<div id=\"elementor-tab-content-2443\" class=\"elementor-tab-content elementor-clearfix\" data-tab=\"3\" role=\"tabpanel\" aria-labelledby=\"elementor-tab-title-2443\"><p>La\u00a0<strong>Certificaci\u00f3n Coach Trainer<\/strong> es el proceso aplicado a individuos formadores de Coaches que hayan cumplido un m\u00ednimo de 18 meses de capacitaci\u00f3n adem\u00e1s de contar adicionalmente con 24 meses de pr\u00e1ctica independiente como Coach Entrenador responsable directo de Grupo<a href=\"https:\/\/icca-coaching.org\/ConsejoICCA\/coach-trainer-descripcion\/\">&#8230;Leer m\u00e1s<\/a><\/p><p><b>Beneficios<\/b><\/p><ul><li>Avala su formaci\u00f3n te\u00f3rica y pr\u00e1ctica.<\/li><li>Da seguridad a sus clientes\u2026<a href=\"https:\/\/icca-coaching.org\/ConsejoICCA\/coach-trainer-beneficios\/\">Leer m\u00e1s<\/a><\/li><\/ul><\/div>\n\t\t\t\t<\/div>\n\t\t\t\t\t\t\t\t<\/div>\n\t\t\t\t<\/div>\n\t\t\t\t<\/div>\n\t\t\t\t\t<\/div>\n\t\t<\/div>\n\t\t\t\t<div class=\"elementor-column elementor-col-50 elementor-top-column elementor-element elementor-element-978fcbf\" data-id=\"978fcbf\" data-element_type=\"column\">\n\t\t\t<div class=\"elementor-widget-wrap elementor-element-populated\">\n\t\t\t\t\t\t\t\t<div class=\"elementor-element elementor-element-56a6457 elementor-widget elementor-widget-accordion\" data-id=\"56a6457\" data-element_type=\"widget\" data-widget_type=\"accordion.default\">\n\t\t\t\t<div class=\"elementor-widget-container\">\n\t\t\t\t\t<div class=\"elementor-accordion\" role=\"tablist\">\n\t\t\t\t\t\t\t<div class=\"elementor-accordion-item\">\n\t\t\t\t\t<div id=\"elementor-tab-title-9081\" class=\"elementor-tab-title\" data-tab=\"1\" role=\"tab\" aria-controls=\"elementor-tab-content-9081\" aria-expanded=\"false\">\n\t\t\t\t\t\t\t\t\t\t\t\t\t<span class=\"elementor-accordion-icon elementor-accordion-icon-left\" aria-hidden=\"true\">\n\t\t\t\t\t\t\t\t\t\t\t\t\t\t\t<span class=\"elementor-accordion-icon-closed\"><i class=\"fas fa-plus\"><\/i><\/span>\n\t\t\t\t\t\t\t\t<span class=\"elementor-accordion-icon-opened\"><i class=\"fas fa-minus\"><\/i><\/span>\n\t\t\t\t\t\t\t\t\t\t\t\t\t\t<\/span>\n\t\t\t\t\t\t\t\t\t\t\t\t<a class=\"elementor-accordion-title\" href=\"\">Nombramiento Master Coach Trainer I.C.C.A.<\/a>\n\t\t\t\t\t<\/div>\n\t\t\t\t\t<div id=\"elementor-tab-content-9081\" class=\"elementor-tab-content elementor-clearfix\" data-tab=\"1\" role=\"tabpanel\" aria-labelledby=\"elementor-tab-title-9081\"><p style=\"text-align: left;\" align=\"center\">El <b>Nombramiento Master Coach Trainer<\/b>\u00a0 es otorgado a profesionales del Coaching que cuenten con la preparaci\u00f3n\u00a0 y la capacidad para desarrollarse como especialista, aplicando su conocimiento y liderazgo para crear Planes\u00a0<span style=\"color: var( --e-global-color-text ); font-family: var( --e-global-typography-text-font-family ), Sans-serif; font-size: 1rem; font-style: inherit; font-weight: inherit;\">y Programas de Estudio y\/o\u00a0 constituir\u00a0 un Centro de Formaci\u00f3n<a href=\"https:\/\/icca-coaching.org\/ConsejoICCA\/master-coach-trainer-descripcion\/\">&#8230;Leer m\u00e1s<\/a><\/span><\/p><div style=\"text-align: left;\"><b style=\"font-style: inherit; color: var( --e-global-color-text ); font-family: var( --e-global-typography-text-font-family ), Sans-serif; text-align: left;\">Beneficios<\/b><\/div><ul><li style=\"text-align: left;\">Incrementa su reputaci\u00f3n profesional.<\/li><li style=\"text-align: left;\">Da certeza de su calidad profesional<a href=\"https:\/\/icca-coaching.org\/ConsejoICCA\/master-coach-trainer-beneficios\/\">\u2026.Leer m\u00e1s<\/a><\/li><\/ul><\/div>\n\t\t\t\t<\/div>\n\t\t\t\t\t\t\t<div class=\"elementor-accordion-item\">\n\t\t\t\t\t<div id=\"elementor-tab-title-9082\" class=\"elementor-tab-title\" data-tab=\"2\" role=\"tab\" aria-controls=\"elementor-tab-content-9082\" aria-expanded=\"false\">\n\t\t\t\t\t\t\t\t\t\t\t\t\t<span class=\"elementor-accordion-icon elementor-accordion-icon-left\" aria-hidden=\"true\">\n\t\t\t\t\t\t\t\t\t\t\t\t\t\t\t<span class=\"elementor-accordion-icon-closed\"><i class=\"fas fa-plus\"><\/i><\/span>\n\t\t\t\t\t\t\t\t<span class=\"elementor-accordion-icon-opened\"><i class=\"fas fa-minus\"><\/i><\/span>\n\t\t\t\t\t\t\t\t\t\t\t\t\t\t<\/span>\n\t\t\t\t\t\t\t\t\t\t\t\t<a class=\"elementor-accordion-title\" href=\"\">Acreditaci\u00f3n para Centros de Formaci\u00f3n I.C.C.A.<\/a>\n\t\t\t\t\t<\/div>\n\t\t\t\t\t<div id=\"elementor-tab-content-9082\" class=\"elementor-tab-content elementor-clearfix\" data-tab=\"2\" role=\"tabpanel\" aria-labelledby=\"elementor-tab-title-9082\"><p>La <b>acreditaci\u00f3n <\/b>es un proceso voluntario de auto-evaluaci\u00f3n y mejora continua al que se debe someter un Centro de Formaci\u00f3n para dar constancia de calidad y \u00e9tica en los siguientes aspectos: Responsabilidad Administrativa, Integridad Institucional y Calidad Acad\u00e9mica<a href=\"https:\/\/icca-coaching.org\/ConsejoICCA\/acreditacion-para-centros-de-formacion-i-c-c-a\/\">&#8230;Leer m\u00e1s<\/a><\/p><p><b>Beneficios<\/b><\/p><ul><li>Los beneficios de este sistema de acreditaci\u00f3n son los siguientes:<\/li><li>Dar credibilidad ante la sociedad y prospectos estudiantes de Coaching..<a href=\"https:\/\/icca-coaching.org\/ConsejoICCA\/acreditacion-para-centros-de-formacion-i-c-c-a\/\">.Leer m\u00e1s<\/a><\/li><\/ul><\/div>\n\t\t\t\t<\/div>\n\t\t\t\t\t\t\t<div class=\"elementor-accordion-item\">\n\t\t\t\t\t<div id=\"elementor-tab-title-9083\" class=\"elementor-tab-title\" data-tab=\"3\" role=\"tab\" aria-controls=\"elementor-tab-content-9083\" aria-expanded=\"false\">\n\t\t\t\t\t\t\t\t\t\t\t\t\t<span class=\"elementor-accordion-icon elementor-accordion-icon-left\" aria-hidden=\"true\">\n\t\t\t\t\t\t\t\t\t\t\t\t\t\t\t<span class=\"elementor-accordion-icon-closed\"><i class=\"fas fa-plus\"><\/i><\/span>\n\t\t\t\t\t\t\t\t<span class=\"elementor-accordion-icon-opened\"><i class=\"fas fa-minus\"><\/i><\/span>\n\t\t\t\t\t\t\t\t\t\t\t\t\t\t<\/span>\n\t\t\t\t\t\t\t\t\t\t\t\t<a class=\"elementor-accordion-title\" href=\"\">Acreditaci\u00f3n para Planes de Estudio en Coaching I.C.C.A<\/a>\n\t\t\t\t\t<\/div>\n\t\t\t\t\t<div id=\"elementor-tab-content-9083\" class=\"elementor-tab-content elementor-clearfix\" data-tab=\"3\" role=\"tabpanel\" aria-labelledby=\"elementor-tab-title-9083\"><p>Es la solicitud de acreditaci\u00f3n y reconocimiento de planes o programas de Estudios formativos en Coaching en la modalidad y\/o modalidades que cada centro solicite (Presencial, On-line, Mixto, etc.)<a href=\"https:\/\/icca-coaching.org\/ConsejoICCA\/acreditacion-para-planes-de-estudio-en-coaching-i-c-c-a\/\">\u2026Leer m\u00e1s<\/a><\/p><p><strong>\u00a0Beneficios<\/strong><\/p><ul><li>Dar credibilidad ante la sociedad y prospectos estudiantes de Coaching<\/li><li>Acceso a nuevas oportunidades de mercado<a href=\"https:\/\/icca-coaching.org\/ConsejoICCA\/acreditacion-para-planes-de-estudio-en-coaching-i-c-c-a\/\">\u2026Leer m\u00e1s<\/a><\/li><\/ul><\/div>\n\t\t\t\t<\/div>\n\t\t\t\t\t\t\t\t<\/div>\n\t\t\t\t<\/div>\n\t\t\t\t<\/div>\n\t\t\t\t\t<\/div>\n\t\t<\/div>\n\t\t\t\t\t\t\t<\/div>\n\t\t<\/section>\n\t\t\t\t\t\t\t<\/div>\n\t\t","protected":false},"excerpt":{"rendered":"<p>Membres\u00eda Personal I.C.C.A La Membres\u00eda Personal I.C.C.A\u00a0\u00a0 aplica para todos aquellos simpatizantes del Coaching que tengan afinidad con la filosof\u00eda y lineamientos del Consejo I.C.C.A., estos\u00a0 deben dar\u00a0 evidencias\u00a0 de Profesionalidad, Compromiso y comprometerse a respetar los\u00a0 est\u00e1ndares\u00a0 establecidos en Nuestro C\u00f3digo de \u00c9tica\u2026Leer m\u00e1s Beneficios Incrementa su reputaci\u00f3n profesional Da prestigio\u2026Leer m\u00e1s Certificaci\u00f3n Coach &hellip;<\/p>\n<p class=\"read-more\"> <a class=\"\" href=\"https:\/\/icca-coaching.org\/ConsejoICCA\/certificaciones\/\"> <span class=\"screen-reader-text\">Certificaciones<\/span> Leer m\u00e1s &raquo;<\/a><\/p>\n","protected":false},"author":1,"featured_media":0,"parent":0,"menu_order":0,"comment_status":"closed","ping_status":"closed","template":"","meta":{"site-sidebar-layout":"no-sidebar","site-content-layout":"page-builder","ast-global-header-display":"","ast-banner-title-visibility":"","ast-main-header-display":"","ast-hfb-above-header-display":"","ast-hfb-below-header-display":"","ast-hfb-mobile-header-display":"","site-post-title":"disabled","ast-breadcrumbs-content":"","ast-featured-img":"disabled","footer-sml-layout":"","theme-transparent-header-meta":"","adv-header-id-meta":"","stick-header-meta":"","header-above-stick-meta":"","header-main-stick-meta":"","header-below-stick-meta":"","footnotes":""},"class_list":["post-1413","page","type-page","status-publish","hentry"],"_links":{"self":[{"href":"https:\/\/icca-coaching.org\/ConsejoICCA\/wp-json\/wp\/v2\/pages\/1413","targetHints":{"allow":["GET"]}}],"collection":[{"href":"https:\/\/icca-coaching.org\/ConsejoICCA\/wp-json\/wp\/v2\/pages"}],"about":[{"href":"https:\/\/icca-coaching.org\/ConsejoICCA\/wp-json\/wp\/v2\/types\/page"}],"author":[{"embeddable":true,"href":"https:\/\/icca-coaching.org\/ConsejoICCA\/wp-json\/wp\/v2\/users\/1"}],"replies":[{"embeddable":true,"href":"https:\/\/icca-coaching.org\/ConsejoICCA\/wp-json\/wp\/v2\/comments?post=1413"}],"version-history":[{"count":34,"href":"https:\/\/icca-coaching.org\/ConsejoICCA\/wp-json\/wp\/v2\/pages\/1413\/revisions"}],"predecessor-version":[{"id":1502,"href":"https:\/\/icca-coaching.org\/ConsejoICCA\/wp-json\/wp\/v2\/pages\/1413\/revisions\/1502"}],"wp:attachment":[{"href":"https:\/\/icca-coaching.org\/ConsejoICCA\/wp-json\/wp\/v2\/media?parent=1413"}],"curies":[{"name":"wp","href":"https:\/\/api.w.org\/{rel}","templated":true}]}}