{"id":1437,"date":"2022-02-16T18:45:27","date_gmt":"2022-02-16T18:45:27","guid":{"rendered":"https:\/\/icca-coaching.org\/ConsejoICCA\/?page_id=1437"},"modified":"2022-02-16T20:08:59","modified_gmt":"2022-02-16T20:08:59","slug":"acreditacion-para-centros-de-formacion-i-c-c-a","status":"publish","type":"page","link":"https:\/\/icca-coaching.org\/ConsejoICCA\/acreditacion-para-centros-de-formacion-i-c-c-a\/","title":{"rendered":"Acreditaci\u00f3n para Centros de Formaci\u00f3n I.C.C.A."},"content":{"rendered":"\t\t<div data-elementor-type=\"wp-page\" data-elementor-id=\"1437\" class=\"elementor elementor-1437\">\n\t\t\t\t\t\t\t\t\t<section class=\"elementor-section elementor-top-section elementor-element elementor-element-76862bf elementor-section-boxed elementor-section-height-default elementor-section-height-default\" data-id=\"76862bf\" data-element_type=\"section\">\n\t\t\t\t\t\t<div class=\"elementor-container elementor-column-gap-default\">\n\t\t\t\t\t<div class=\"elementor-column elementor-col-100 elementor-top-column elementor-element elementor-element-99c8f22\" data-id=\"99c8f22\" data-element_type=\"column\">\n\t\t\t<div class=\"elementor-widget-wrap elementor-element-populated\">\n\t\t\t\t\t\t\t\t<div class=\"elementor-element elementor-element-324e69b elementor-widget elementor-widget-heading\" data-id=\"324e69b\" data-element_type=\"widget\" data-widget_type=\"heading.default\">\n\t\t\t\t<div class=\"elementor-widget-container\">\n\t\t\t<style>\/*! elementor - v3.6.4 - 13-04-2022 *\/\n.elementor-heading-title{padding:0;margin:0;line-height:1}.elementor-widget-heading .elementor-heading-title[class*=elementor-size-]>a{color:inherit;font-size:inherit;line-height:inherit}.elementor-widget-heading .elementor-heading-title.elementor-size-small{font-size:15px}.elementor-widget-heading .elementor-heading-title.elementor-size-medium{font-size:19px}.elementor-widget-heading .elementor-heading-title.elementor-size-large{font-size:29px}.elementor-widget-heading .elementor-heading-title.elementor-size-xl{font-size:39px}.elementor-widget-heading .elementor-heading-title.elementor-size-xxl{font-size:59px}<\/style><h2 class=\"elementor-heading-title elementor-size-default\">ACREDITACI\u00d3N DE CENTROS DE FORMACI\u00d3N<\/h2>\t\t<\/div>\n\t\t\t\t<\/div>\n\t\t\t\t\t<\/div>\n\t\t<\/div>\n\t\t\t\t\t\t\t<\/div>\n\t\t<\/section>\n\t\t\t\t<section class=\"elementor-section elementor-top-section elementor-element elementor-element-79a3b24 elementor-section-boxed elementor-section-height-default elementor-section-height-default\" data-id=\"79a3b24\" data-element_type=\"section\" data-settings=\"{&quot;background_background&quot;:&quot;classic&quot;}\">\n\t\t\t\t\t\t\t<div class=\"elementor-background-overlay\"><\/div>\n\t\t\t\t\t\t\t<div class=\"elementor-container elementor-column-gap-default\">\n\t\t\t\t\t<div class=\"elementor-column elementor-col-100 elementor-top-column elementor-element elementor-element-95c3df4\" data-id=\"95c3df4\" data-element_type=\"column\">\n\t\t\t<div class=\"elementor-widget-wrap elementor-element-populated\">\n\t\t\t\t\t\t\t\t<div class=\"elementor-element elementor-element-08e48de elementor-widget elementor-widget-text-editor\" data-id=\"08e48de\" data-element_type=\"widget\" data-widget_type=\"text-editor.default\">\n\t\t\t\t<div class=\"elementor-widget-container\">\n\t\t\t<style>\/*! elementor - v3.6.4 - 13-04-2022 *\/\n.elementor-widget-text-editor.elementor-drop-cap-view-stacked .elementor-drop-cap{background-color:#818a91;color:#fff}.elementor-widget-text-editor.elementor-drop-cap-view-framed .elementor-drop-cap{color:#818a91;border:3px solid;background-color:transparent}.elementor-widget-text-editor:not(.elementor-drop-cap-view-default) .elementor-drop-cap{margin-top:8px}.elementor-widget-text-editor:not(.elementor-drop-cap-view-default) .elementor-drop-cap-letter{width:1em;height:1em}.elementor-widget-text-editor .elementor-drop-cap{float:left;text-align:center;line-height:1;font-size:50px}.elementor-widget-text-editor .elementor-drop-cap-letter{display:inline-block}<\/style>\t\t\t\t<p>La Acreditaci\u00f3n es un proceso de evaluaci\u00f3n voluntario y no gubernamental al que se someten los Centros de Formaci\u00f3n, para dar evidencia de calidad en su operativa y calidad acad\u00e9mica de sus Talleres o Planes de Estudios. Creando una cultura de mejora continua e incrementando la eficiencia en los procesos administrativos, operativos y acad\u00e9micos, asegurando as\u00ed el desarrollo sustentable del centro de formaci\u00f3n y garantizando la mejor preparaci\u00f3n de sus estudiantes.<\/p><p>Para obtener la acreditaci\u00f3n, los centros formativos deber\u00e1n dar evidencias de alta calidad de sus Talleres o Planes de Estudio en la modalidad o modalidades que el centro ofrezca, as\u00ed como alinearse con la filosof\u00eda y c\u00f3digo \u00e9tico del\u00a0<strong>Consejo I.C.C.A.<\/strong><\/p><p>Cabe mencionar que la Acreditaci\u00f3n es intransferible a otras filiales o sucursales por lo que cada una debe realizar su tr\u00e1mite de forma independiente.<\/p>\t\t\t\t\t\t<\/div>\n\t\t\t\t<\/div>\n\t\t\t\t<div class=\"elementor-element elementor-element-4f3fd9d elementor-widget elementor-widget-heading\" data-id=\"4f3fd9d\" data-element_type=\"widget\" data-widget_type=\"heading.default\">\n\t\t\t\t<div class=\"elementor-widget-container\">\n\t\t\t<h2 class=\"elementor-heading-title elementor-size-default\">BENEFICIOS DE LA ACREDITACI\u00d3N<\/h2>\t\t<\/div>\n\t\t\t\t<\/div>\n\t\t\t\t<section class=\"elementor-section elementor-inner-section elementor-element elementor-element-723053c elementor-section-boxed elementor-section-height-default elementor-section-height-default\" data-id=\"723053c\" data-element_type=\"section\">\n\t\t\t\t\t\t<div class=\"elementor-container elementor-column-gap-default\">\n\t\t\t\t\t<div class=\"elementor-column elementor-col-50 elementor-inner-column elementor-element elementor-element-66076fc\" data-id=\"66076fc\" data-element_type=\"column\">\n\t\t\t<div class=\"elementor-widget-wrap elementor-element-populated\">\n\t\t\t\t\t\t\t\t<div class=\"elementor-element elementor-element-f7bbbe1 elementor-widget elementor-widget-text-editor\" data-id=\"f7bbbe1\" data-element_type=\"widget\" data-widget_type=\"text-editor.default\">\n\t\t\t\t<div class=\"elementor-widget-container\">\n\t\t\t\t\t\t\t<p>Los beneficios de este sistema de acreditaci\u00f3n son los siguientes:<\/p><ul><li>Incrementar la eficacia en los procesos operativos y acad\u00e9micos.<\/li><li>Garantizar una buena formaci\u00f3n de los estudiantes que participan en un Plan de Estudios en Coaching Acreditado.<\/li><li>Asesoramiento en la mejora de la calidad e implementaci\u00f3n de Innovaci\u00f3n Educativa.<\/li><li>Mejora continua del funcionamiento administrativo y productividad del Centro de Formaci\u00f3n.<\/li><li>Acceso a nuevas oportunidades de mercado.<\/li><li>Asesora en el\u00a0proceso de reconocimiento que debe ser realizado en general a trav\u00e9s del an\u00e1lisis de los curr\u00edculos y planes de estudio.<\/li><li>Establecimiento de convenios internacionales, programas de intercambio cultural y de investigaci\u00f3n.<\/li><li>Promueve la oportunidad y est\u00e1ndares en la educaci\u00f3n global.<\/li><li>Jerarquiza y pone en valor a las instituciones educativas en un marco comparativo global permitiendo una competencia sobre par\u00e1metros comunes.<\/li><li>Que los Centros de Formaci\u00f3n operen bajo Sistemas de Gesti\u00f3n de la Calidad (SGC).<\/li><li>M\u00e1s credibilidad en\u00a0su propaganda.<\/li><li>Desarrollo de Alianzas.<\/li><li>Facilita la movilidad a escala regional e internacional.<\/li><li>Diferencia socialmente los sistemas educativos y contribuye a conformar circuitos educativos de calidad.<\/li><li>Asistencia a congresos internacionales.<\/li><li>Capacitaci\u00f3n y proyecci\u00f3n internacional de profesores y docentes.<\/li><li>Prestigio internacional de la instituci\u00f3n educativa evaluada positivamente.<\/li><li>Dar credibilidad ante la sociedad y prospectos estudiantes de Coaching.<\/li><li>Los egresados de Planes de Estudio Acreditados podr\u00e1n obtener Simplificaci\u00f3n Administrativa para obtener la \u00a0Certificaci\u00f3n\u00a0 Coach Profesional<strong>\u00a0I.C.C.A.<\/strong><\/li><li>Contar con Simplificaci\u00f3n Administrativa en tr\u00e1mites de Acreditaci\u00f3n de nuevas filiales o Planes de Estudio.<\/li><li>Obtener, entonces,\u00a0una mayor satisfacci\u00f3n de sus Clientes.<\/li><\/ul>\t\t\t\t\t\t<\/div>\n\t\t\t\t<\/div>\n\t\t\t\t\t<\/div>\n\t\t<\/div>\n\t\t\t\t<div class=\"elementor-column elementor-col-50 elementor-inner-column elementor-element elementor-element-a32c576\" data-id=\"a32c576\" data-element_type=\"column\">\n\t\t\t<div class=\"elementor-widget-wrap elementor-element-populated\">\n\t\t\t\t\t\t\t\t<div class=\"elementor-element elementor-element-98f1eaa elementor-widget elementor-widget-text-editor\" data-id=\"98f1eaa\" data-element_type=\"widget\" data-widget_type=\"text-editor.default\">\n\t\t\t\t<div class=\"elementor-widget-container\">\n\t\t\t\t\t\t\t<p><strong>OBTENDRAS POR PARTE DE CONSEJO ICCA<\/strong><\/p><p>A cada Centro que obtenga su Acreditaci\u00f3n, ser\u00e1 acreedor a:<\/p><ul><li><strong><u>Reconocimiento oficial<\/u><\/strong>\u00a0emitido por el Consejo ICCA, que avala el cumplimiento de los requisitos m\u00ednimos solicitados para ostentar la Acreditaci\u00f3n de Centros de Formaci\u00f3n.<\/li><li><strong><u>Carta de Reconocimiento<\/u><\/strong>\u00a0para el Centro de Formaci\u00f3n.<\/li><li><strong><u>Placa Oficial de Reconocimiento Institucional<\/u><\/strong><strong>,\u00a0<\/strong>en cristal y aluminio<\/li><\/ul><p>(Los costos de manufactura no est\u00e1n incluidos en el pago de derechos).<\/p><ul><li>Tendr\u00e1 derecho al uso de un\u00a0<strong><u>Sello de Acreditaci\u00f3n Institucional<\/u><\/strong>\u00a0con su Matricula el cual puede utilizar en su sitio web, redes sociales o publicidad en general.<\/li><\/ul><ul><li>Podr\u00e1s utilizar en tu publicidad o p\u00e1gina web la siguiente leyenda:<\/li><\/ul>\t\t\t\t\t\t<\/div>\n\t\t\t\t<\/div>\n\t\t\t\t<div class=\"elementor-element elementor-element-b7c57a0 elementor-widget elementor-widget-text-editor\" data-id=\"b7c57a0\" data-element_type=\"widget\" data-widget_type=\"text-editor.default\">\n\t\t\t\t<div class=\"elementor-widget-container\">\n\t\t\t\t\t\t\t<p style=\"text-align: center;\"><strong><em>\u201cCentro de Formaci\u00f3n reconocido y acreditado por el Consejo Internacional de Acreditaci\u00f3n del Coaching I.C.C.A.\u201d<\/em><\/strong><\/p><p style=\"text-align: center;\">o<\/p><p style=\"text-align: center;\"><strong><em>\u201cCentro de Formaci\u00f3n reconocido y acreditado por el Consejo I.C.C.A.\u201d<\/em><\/strong><strong>\u00a0<\/strong><\/p><ul><li><strong><u>Publicaci\u00f3n del Perfil<\/u><\/strong>\u00a0del Centro de Formaci\u00f3n Acreditado en nuestro portal\u00a0<a href=\"http:\/\/www.icca-coaching.org\/coach\/ICCA\/Centros\/\">icca-coaching.org\/coach\/ICCA\/Centros\/<\/a>, se solicitar\u00e1 que el centro autorice la publicaci\u00f3n de su perfil, as\u00ed como los datos de contacto.<\/li><\/ul><ul><li>Obtenci\u00f3n de\u00a0<strong><u>atractivos descuentos<\/u><\/strong>\u00a0en tr\u00e1mites de Certificaciones Personal, Acreditaci\u00f3n de Filiales, Planes de Estudio, Talleres Cortos y en accesos para Congresos, Conferencias presenciales o en l\u00ednea.<\/li><\/ul><ul><li>Oportunidad de participar en nuestras publicaciones compartiendo, art\u00edculos, entrevistas o eventos importantes que podr\u00e1n ser publicados.<\/li><\/ul><ul><li><strong><em>Simplificaci\u00f3n Administrativa\u00b9\u00a0<\/em><\/strong>de tr\u00e1mites ante el Consejo ICCA.<\/li><\/ul><p>\u00a0<\/p><p><strong><em>Simplificaci\u00f3n Administrativa\u00b9\u00a0<\/em><\/strong><em>Estatus que se le otorga a los Centros de Formaci\u00f3n Acreditados donde obtienen beneficios tales como descuentos, disminuci\u00f3n de requisitos para tr\u00e1mites futuros, reducci\u00f3n de tiempos de respuesta, etc.<\/em><\/p>\t\t\t\t\t\t<\/div>\n\t\t\t\t<\/div>\n\t\t\t\t\t<\/div>\n\t\t<\/div>\n\t\t\t\t\t\t\t<\/div>\n\t\t<\/section>\n\t\t\t\t\t<\/div>\n\t\t<\/div>\n\t\t\t\t\t\t\t<\/div>\n\t\t<\/section>\n\t\t\t\t\t\t\t<\/div>\n\t\t","protected":false},"excerpt":{"rendered":"<p>ACREDITACI\u00d3N DE CENTROS DE FORMACI\u00d3N La Acreditaci\u00f3n es un proceso de evaluaci\u00f3n voluntario y no gubernamental al que se someten los Centros de Formaci\u00f3n, para dar evidencia de calidad en su operativa y calidad acad\u00e9mica de sus Talleres o Planes de Estudios. Creando una cultura de mejora continua e incrementando la eficiencia en los procesos &hellip;<\/p>\n<p class=\"read-more\"> <a class=\"\" href=\"https:\/\/icca-coaching.org\/ConsejoICCA\/acreditacion-para-centros-de-formacion-i-c-c-a\/\"> <span class=\"screen-reader-text\">Acreditaci\u00f3n para Centros de Formaci\u00f3n I.C.C.A.<\/span> Leer m\u00e1s &raquo;<\/a><\/p>\n","protected":false},"author":1,"featured_media":0,"parent":0,"menu_order":0,"comment_status":"closed","ping_status":"closed","template":"","meta":{"site-sidebar-layout":"no-sidebar","site-content-layout":"page-builder","ast-global-header-display":"","ast-banner-title-visibility":"","ast-main-header-display":"","ast-hfb-above-header-display":"","ast-hfb-below-header-display":"","ast-hfb-mobile-header-display":"","site-post-title":"disabled","ast-breadcrumbs-content":"","ast-featured-img":"disabled","footer-sml-layout":"","theme-transparent-header-meta":"","adv-header-id-meta":"","stick-header-meta":"","header-above-stick-meta":"","header-main-stick-meta":"","header-below-stick-meta":"","footnotes":""},"class_list":["post-1437","page","type-page","status-publish","hentry"],"_links":{"self":[{"href":"https:\/\/icca-coaching.org\/ConsejoICCA\/wp-json\/wp\/v2\/pages\/1437","targetHints":{"allow":["GET"]}}],"collection":[{"href":"https:\/\/icca-coaching.org\/ConsejoICCA\/wp-json\/wp\/v2\/pages"}],"about":[{"href":"https:\/\/icca-coaching.org\/ConsejoICCA\/wp-json\/wp\/v2\/types\/page"}],"author":[{"embeddable":true,"href":"https:\/\/icca-coaching.org\/ConsejoICCA\/wp-json\/wp\/v2\/users\/1"}],"replies":[{"embeddable":true,"href":"https:\/\/icca-coaching.org\/ConsejoICCA\/wp-json\/wp\/v2\/comments?post=1437"}],"version-history":[{"count":20,"href":"https:\/\/icca-coaching.org\/ConsejoICCA\/wp-json\/wp\/v2\/pages\/1437\/revisions"}],"predecessor-version":[{"id":1496,"href":"https:\/\/icca-coaching.org\/ConsejoICCA\/wp-json\/wp\/v2\/pages\/1437\/revisions\/1496"}],"wp:attachment":[{"href":"https:\/\/icca-coaching.org\/ConsejoICCA\/wp-json\/wp\/v2\/media?parent=1437"}],"curies":[{"name":"wp","href":"https:\/\/api.w.org\/{rel}","templated":true}]}}