{"id":354,"date":"2021-12-28T19:28:43","date_gmt":"2021-12-28T19:28:43","guid":{"rendered":"https:\/\/icca-coaching.org\/ConsejoICCA\/?page_id=354"},"modified":"2021-12-29T00:44:17","modified_gmt":"2021-12-29T00:44:17","slug":"reconocimiento","status":"publish","type":"page","link":"https:\/\/icca-coaching.org\/ConsejoICCA\/reconocimiento\/","title":{"rendered":"Reconocimiento"},"content":{"rendered":"\t\t<div data-elementor-type=\"wp-page\" data-elementor-id=\"354\" class=\"elementor elementor-354\">\n\t\t\t\t\t\t\t\t\t<section class=\"elementor-section elementor-top-section elementor-element elementor-element-751f449 elementor-section-boxed elementor-section-height-default elementor-section-height-default\" data-id=\"751f449\" data-element_type=\"section\">\n\t\t\t\t\t\t<div class=\"elementor-container elementor-column-gap-default\">\n\t\t\t\t\t<div class=\"elementor-column elementor-col-100 elementor-top-column elementor-element elementor-element-7e3a554\" data-id=\"7e3a554\" data-element_type=\"column\">\n\t\t\t<div class=\"elementor-widget-wrap elementor-element-populated\">\n\t\t\t\t\t\t\t\t<div class=\"elementor-element elementor-element-93691fc elementor-widget elementor-widget-heading\" data-id=\"93691fc\" data-element_type=\"widget\" data-widget_type=\"heading.default\">\n\t\t\t\t<div class=\"elementor-widget-container\">\n\t\t\t<style>\/*! elementor - v3.6.4 - 13-04-2022 *\/\n.elementor-heading-title{padding:0;margin:0;line-height:1}.elementor-widget-heading .elementor-heading-title[class*=elementor-size-]>a{color:inherit;font-size:inherit;line-height:inherit}.elementor-widget-heading .elementor-heading-title.elementor-size-small{font-size:15px}.elementor-widget-heading .elementor-heading-title.elementor-size-medium{font-size:19px}.elementor-widget-heading .elementor-heading-title.elementor-size-large{font-size:29px}.elementor-widget-heading .elementor-heading-title.elementor-size-xl{font-size:39px}.elementor-widget-heading .elementor-heading-title.elementor-size-xxl{font-size:59px}<\/style><h1 class=\"elementor-heading-title elementor-size-default\">Reconocimiento y Distinciones<\/h1>\t\t<\/div>\n\t\t\t\t<\/div>\n\t\t\t\t<div class=\"elementor-element elementor-element-e536568 elementor-widget elementor-widget-text-editor\" data-id=\"e536568\" data-element_type=\"widget\" data-widget_type=\"text-editor.default\">\n\t\t\t\t<div class=\"elementor-widget-container\">\n\t\t\t<style>\/*! elementor - v3.6.4 - 13-04-2022 *\/\n.elementor-widget-text-editor.elementor-drop-cap-view-stacked .elementor-drop-cap{background-color:#818a91;color:#fff}.elementor-widget-text-editor.elementor-drop-cap-view-framed .elementor-drop-cap{color:#818a91;border:3px solid;background-color:transparent}.elementor-widget-text-editor:not(.elementor-drop-cap-view-default) .elementor-drop-cap{margin-top:8px}.elementor-widget-text-editor:not(.elementor-drop-cap-view-default) .elementor-drop-cap-letter{width:1em;height:1em}.elementor-widget-text-editor .elementor-drop-cap{float:left;text-align:center;line-height:1;font-size:50px}.elementor-widget-text-editor .elementor-drop-cap-letter{display:inline-block}<\/style>\t\t\t\t<p>La Certificaci\u00f3n de Coaches, es un servicio a profesionales practicantes del Coaching que voluntariamente se someten a est\u00e1ndares de calidad establecidos por el Consejo I.C.C.A.<\/p><p>El diploma de certificaci\u00f3n acredita el hecho de que ha cumplido con todos los requisitos seg\u00fan lo determinado por el Comit\u00e9 Evaluador del<b>\u00a0Consejo I.C.C.A<\/b><b>.<\/b><\/p><p>Tambi\u00e9n se podr\u00e1 hacer uso del sello de reconocimiento que identifica a los Coaches Certificados, Programas y Escuelas Acreditadas, este sello puede usarse en sus publicaciones como p\u00e1gina web, redes sociales, cat\u00e1logos, papel membretado, posters, tarjetas de presentaci\u00f3n, entre otros.<\/p>\t\t\t\t\t\t<\/div>\n\t\t\t\t<\/div>\n\t\t\t\t\t<\/div>\n\t\t<\/div>\n\t\t\t\t\t\t\t<\/div>\n\t\t<\/section>\n\t\t\t\t<section class=\"elementor-section elementor-top-section elementor-element elementor-element-8719fea elementor-section-boxed elementor-section-height-default elementor-section-height-default\" data-id=\"8719fea\" data-element_type=\"section\">\n\t\t\t\t\t\t<div class=\"elementor-container elementor-column-gap-default\">\n\t\t\t\t\t<div class=\"elementor-column elementor-col-100 elementor-top-column elementor-element elementor-element-0f28b13\" data-id=\"0f28b13\" data-element_type=\"column\">\n\t\t\t<div class=\"elementor-widget-wrap elementor-element-populated\">\n\t\t\t\t\t\t\t\t<div class=\"elementor-element elementor-element-b0f0f67 elementor-position-left elementor-vertical-align-top elementor-widget elementor-widget-image-box\" data-id=\"b0f0f67\" data-element_type=\"widget\" data-widget_type=\"image-box.default\">\n\t\t\t\t<div class=\"elementor-widget-container\">\n\t\t\t<style>\/*! elementor - v3.6.4 - 13-04-2022 *\/\n.elementor-widget-image-box .elementor-image-box-content{width:100%}@media (min-width:768px){.elementor-widget-image-box.elementor-position-left .elementor-image-box-wrapper,.elementor-widget-image-box.elementor-position-right .elementor-image-box-wrapper{display:-webkit-box;display:-ms-flexbox;display:flex}.elementor-widget-image-box.elementor-position-right .elementor-image-box-wrapper{text-align:right;-webkit-box-orient:horizontal;-webkit-box-direction:reverse;-ms-flex-direction:row-reverse;flex-direction:row-reverse}.elementor-widget-image-box.elementor-position-left .elementor-image-box-wrapper{text-align:left;-webkit-box-orient:horizontal;-webkit-box-direction:normal;-ms-flex-direction:row;flex-direction:row}.elementor-widget-image-box.elementor-position-top .elementor-image-box-img{margin:auto}.elementor-widget-image-box.elementor-vertical-align-top .elementor-image-box-wrapper{-webkit-box-align:start;-ms-flex-align:start;align-items:flex-start}.elementor-widget-image-box.elementor-vertical-align-middle .elementor-image-box-wrapper{-webkit-box-align:center;-ms-flex-align:center;align-items:center}.elementor-widget-image-box.elementor-vertical-align-bottom .elementor-image-box-wrapper{-webkit-box-align:end;-ms-flex-align:end;align-items:flex-end}}@media (max-width:767px){.elementor-widget-image-box .elementor-image-box-img{margin-left:auto!important;margin-right:auto!important;margin-bottom:15px}}.elementor-widget-image-box .elementor-image-box-img{display:inline-block}.elementor-widget-image-box .elementor-image-box-title a{color:inherit}.elementor-widget-image-box .elementor-image-box-wrapper{text-align:center}.elementor-widget-image-box .elementor-image-box-description{margin:0}<\/style><div class=\"elementor-image-box-wrapper\"><figure class=\"elementor-image-box-img\"><img loading=\"lazy\" decoding=\"async\" width=\"1877\" height=\"1945\" src=\"https:\/\/icca-coaching.org\/ConsejoICCA\/wp-content\/uploads\/2021\/12\/moneda-blur.jpg\" class=\"attachment-full size-full\" alt=\"\" \/><\/figure><div class=\"elementor-image-box-content\"><h3 class=\"elementor-image-box-title\">Moneda de reconocimiento<\/h3><p class=\"elementor-image-box-description\"><b>\nLa Certificaci\u00f3n de Coaches, es un servicio a profesionales practicantes del Coaching que voluntariamente se someten a est\u00e1ndares de calidad establecidos por el Consejo I.C.C.A.\n<br>\n<br>\nEl diploma de certificaci\u00f3n acredita el hecho de que ha cumplido con todos los requisitos seg\u00fan lo determinado por el Comit\u00e9 Evaluador del Consejo I.C.C.A.\n<br>\n<br>\nTambi\u00e9n se podr\u00e1 hacer uso del sello de reconocimiento que identifica a los Coaches Certificados, Programas y Escuelas Acreditadas, este sello puede usarse en sus publicaciones como p\u00e1gina web, redes sociales, cat\u00e1logos, papel membretado, posters, tarjetas de presentaci\u00f3n, entre otros.\n<br>\n<br>\n<\/b><\/p><\/div><\/div>\t\t<\/div>\n\t\t\t\t<\/div>\n\t\t\t\t<div class=\"elementor-element elementor-element-71b55c6 elementor-widget elementor-widget-heading\" data-id=\"71b55c6\" data-element_type=\"widget\" data-widget_type=\"heading.default\">\n\t\t\t\t<div class=\"elementor-widget-container\">\n\t\t\t<h2 class=\"elementor-heading-title elementor-size-default\">Certificaci\u00f3n ISO 9001:2015<\/h2>\t\t<\/div>\n\t\t\t\t<\/div>\n\t\t\t\t<div class=\"elementor-element elementor-element-7663c47 elementor-position-right elementor-vertical-align-top elementor-widget elementor-widget-image-box\" data-id=\"7663c47\" data-element_type=\"widget\" data-widget_type=\"image-box.default\">\n\t\t\t\t<div class=\"elementor-widget-container\">\n\t\t\t<div class=\"elementor-image-box-wrapper\"><figure class=\"elementor-image-box-img\"><img loading=\"lazy\" decoding=\"async\" width=\"681\" height=\"960\" src=\"https:\/\/icca-coaching.org\/ConsejoICCA\/wp-content\/uploads\/2021\/12\/iso2015r.jpg\" class=\"attachment-full size-full\" alt=\"\" \/><\/figure><div class=\"elementor-image-box-content\"><h3 class=\"elementor-image-box-title\">DIN EN ISO 9001:2015<\/h3><p class=\"elementor-image-box-description\">Con el objetivo de mantener la calidad en los procesos de nuestra instituci\u00f3n, el 29 de Marzo del 2019, recibimos la Certificaci\u00f3n ISO 9001:2015 por parte de AFQ Akademie Futurum Qualitas (Berlin,Germany) .\n<br>\n<br>\nSe revisaron detalladamente los procesos de las diferentes \u00e1reas de nuestro Consejo de Acreditaci\u00f3n dando como resultado final el cumplimiento de los requisitos de la Norma.<\/p><\/div><\/div>\t\t<\/div>\n\t\t\t\t<\/div>\n\t\t\t\t<div class=\"elementor-element elementor-element-89a3d34 elementor-position-left elementor-vertical-align-top elementor-widget elementor-widget-image-box\" data-id=\"89a3d34\" data-element_type=\"widget\" data-widget_type=\"image-box.default\">\n\t\t\t\t<div class=\"elementor-widget-container\">\n\t\t\t<div class=\"elementor-image-box-wrapper\"><figure class=\"elementor-image-box-img\"><img loading=\"lazy\" decoding=\"async\" width=\"681\" height=\"960\" src=\"https:\/\/icca-coaching.org\/ConsejoICCA\/wp-content\/uploads\/2021\/12\/iso2015r-1.jpg\" class=\"attachment-full size-full\" alt=\"\" \/><\/figure><div class=\"elementor-image-box-content\"><p class=\"elementor-image-box-description\">ISO 9001 es una norma de sistemas de gesti\u00f3n de la calidad (SGC) que se centra en todos los elementos de administraci\u00f3n de calidad con los que una organizaci\u00f3n debe contar para tener un sistema efectivo que le permita administrar y mejorar sus productos y servicios.\n<br>\n<br>\nConsiderada como un referente mundial, la norma ISO 9001 fija principios fundamentales de gesti\u00f3n de calidad que ayudan a las organizaciones a controlar y mejorar su rendimiento y conducirlos hacia la eficiencia, la excelencia de sus productos y la optimizaci\u00f3n de su servicio al cliente.<\/p><\/div><\/div>\t\t<\/div>\n\t\t\t\t<\/div>\n\t\t\t\t<div class=\"elementor-element elementor-element-a98c959 elementor-widget elementor-widget-heading\" data-id=\"a98c959\" data-element_type=\"widget\" data-widget_type=\"heading.default\">\n\t\t\t\t<div class=\"elementor-widget-container\">\n\t\t\t<h2 class=\"elementor-heading-title elementor-size-default\">Certificaci\u00f3n ISO 29990:2010<\/h2>\t\t<\/div>\n\t\t\t\t<\/div>\n\t\t\t\t<div class=\"elementor-element elementor-element-9285d7b elementor-position-right elementor-vertical-align-top elementor-widget elementor-widget-image-box\" data-id=\"9285d7b\" data-element_type=\"widget\" data-widget_type=\"image-box.default\">\n\t\t\t\t<div class=\"elementor-widget-container\">\n\t\t\t<div class=\"elementor-image-box-wrapper\"><figure class=\"elementor-image-box-img\"><img loading=\"lazy\" decoding=\"async\" width=\"681\" height=\"960\" src=\"https:\/\/icca-coaching.org\/ConsejoICCA\/wp-content\/uploads\/2021\/12\/iccaISO2.jpg\" class=\"attachment-full size-full\" alt=\"\" \/><\/figure><div class=\"elementor-image-box-content\"><p class=\"elementor-image-box-description\">El International Council of Coaching Accreditation, ICCA tambi\u00e9n recibi\u00f3 la Certificaci\u00f3n de la Norma ISO 29990:2010 \u201cServicios de aprendizaje para la educaci\u00f3n y formaci\u00f3n no formal\u201d, que tiene como objeto proporcionar un modelo general para la pr\u00e1ctica profesional de calidad y rendimiento, y una referencia com\u00fan para los proveedores de servicios de aprendizaje (LSP) y sus clientes en el dise\u00f1o, desarrollo y entrega de la educaci\u00f3n, capacitaci\u00f3n y desarrollo no formal<\/p><\/div><\/div>\t\t<\/div>\n\t\t\t\t<\/div>\n\t\t\t\t<div class=\"elementor-element elementor-element-d3b2b06 elementor-position-left elementor-vertical-align-top elementor-widget elementor-widget-image-box\" data-id=\"d3b2b06\" data-element_type=\"widget\" data-widget_type=\"image-box.default\">\n\t\t\t\t<div class=\"elementor-widget-container\">\n\t\t\t<div class=\"elementor-image-box-wrapper\"><figure class=\"elementor-image-box-img\"><img loading=\"lazy\" decoding=\"async\" width=\"680\" height=\"960\" src=\"https:\/\/icca-coaching.org\/ConsejoICCA\/wp-content\/uploads\/2021\/12\/iccaISO3.jpg\" class=\"attachment-full size-full\" alt=\"\" \/><\/figure><div class=\"elementor-image-box-content\"><p class=\"elementor-image-box-description\">Esta Norma pretende aumentar la transparencia y permitir la comparaci\u00f3n a nivel mundial de servicios de aprendizaje, ofreciendo una alternativa \u00fanica, respaldada por un consenso internacional, para la enorme variedad de servicios nacionales y normas de gesti\u00f3n que existen en el \u00e1mbito del aprendizaje no tradicional.\n<br>\n<br>\nLa norma promueve un enfoque en el alumno y los resultados del proceso, y hace hincapi\u00e9 en la gama completa de opciones disponibles para la prestaci\u00f3n de servicios de aprendizaje.<\/p><\/div><\/div>\t\t<\/div>\n\t\t\t\t<\/div>\n\t\t\t\t\t<\/div>\n\t\t<\/div>\n\t\t\t\t\t\t\t<\/div>\n\t\t<\/section>\n\t\t\t\t\t\t\t<\/div>\n\t\t","protected":false},"excerpt":{"rendered":"<p>Reconocimiento y Distinciones La Certificaci\u00f3n de Coaches, es un servicio a profesionales practicantes del Coaching que voluntariamente se someten a est\u00e1ndares de calidad establecidos por el Consejo I.C.C.A. El diploma de certificaci\u00f3n acredita el hecho de que ha cumplido con todos los requisitos seg\u00fan lo determinado por el Comit\u00e9 Evaluador del\u00a0Consejo I.C.C.A. Tambi\u00e9n se podr\u00e1 &hellip;<\/p>\n<p class=\"read-more\"> <a class=\"\" href=\"https:\/\/icca-coaching.org\/ConsejoICCA\/reconocimiento\/\"> <span class=\"screen-reader-text\">Reconocimiento<\/span> Leer m\u00e1s &raquo;<\/a><\/p>\n","protected":false},"author":1,"featured_media":0,"parent":0,"menu_order":0,"comment_status":"closed","ping_status":"closed","template":"","meta":{"site-sidebar-layout":"no-sidebar","site-content-layout":"page-builder","ast-global-header-display":"","ast-banner-title-visibility":"","ast-main-header-display":"","ast-hfb-above-header-display":"","ast-hfb-below-header-display":"","ast-hfb-mobile-header-display":"","site-post-title":"disabled","ast-breadcrumbs-content":"","ast-featured-img":"disabled","footer-sml-layout":"","theme-transparent-header-meta":"","adv-header-id-meta":"","stick-header-meta":"","header-above-stick-meta":"","header-main-stick-meta":"","header-below-stick-meta":"","footnotes":""},"class_list":["post-354","page","type-page","status-publish","hentry"],"_links":{"self":[{"href":"https:\/\/icca-coaching.org\/ConsejoICCA\/wp-json\/wp\/v2\/pages\/354","targetHints":{"allow":["GET"]}}],"collection":[{"href":"https:\/\/icca-coaching.org\/ConsejoICCA\/wp-json\/wp\/v2\/pages"}],"about":[{"href":"https:\/\/icca-coaching.org\/ConsejoICCA\/wp-json\/wp\/v2\/types\/page"}],"author":[{"embeddable":true,"href":"https:\/\/icca-coaching.org\/ConsejoICCA\/wp-json\/wp\/v2\/users\/1"}],"replies":[{"embeddable":true,"href":"https:\/\/icca-coaching.org\/ConsejoICCA\/wp-json\/wp\/v2\/comments?post=354"}],"version-history":[{"count":40,"href":"https:\/\/icca-coaching.org\/ConsejoICCA\/wp-json\/wp\/v2\/pages\/354\/revisions"}],"predecessor-version":[{"id":405,"href":"https:\/\/icca-coaching.org\/ConsejoICCA\/wp-json\/wp\/v2\/pages\/354\/revisions\/405"}],"wp:attachment":[{"href":"https:\/\/icca-coaching.org\/ConsejoICCA\/wp-json\/wp\/v2\/media?parent=354"}],"curies":[{"name":"wp","href":"https:\/\/api.w.org\/{rel}","templated":true}]}}