{"id":540,"date":"2021-12-29T22:01:25","date_gmt":"2021-12-29T22:01:25","guid":{"rendered":"https:\/\/icca-coaching.org\/ConsejoICCA\/?page_id=540"},"modified":"2021-12-30T00:31:57","modified_gmt":"2021-12-30T00:31:57","slug":"requisitos","status":"publish","type":"page","link":"https:\/\/icca-coaching.org\/ConsejoICCA\/requisitos\/","title":{"rendered":"Requisitos"},"content":{"rendered":"\t\t<div data-elementor-type=\"wp-page\" data-elementor-id=\"540\" class=\"elementor elementor-540\">\n\t\t\t\t\t\t\t\t\t<section class=\"elementor-section elementor-top-section elementor-element elementor-element-7a4195d elementor-section-boxed elementor-section-height-default elementor-section-height-default\" data-id=\"7a4195d\" data-element_type=\"section\">\n\t\t\t\t\t\t<div class=\"elementor-container elementor-column-gap-default\">\n\t\t\t\t\t<div class=\"elementor-column elementor-col-100 elementor-top-column elementor-element elementor-element-a0276ff\" data-id=\"a0276ff\" data-element_type=\"column\">\n\t\t\t<div class=\"elementor-widget-wrap elementor-element-populated\">\n\t\t\t\t\t\t\t\t<div class=\"elementor-element elementor-element-aa9d95c elementor-widget elementor-widget-heading\" data-id=\"aa9d95c\" data-element_type=\"widget\" data-widget_type=\"heading.default\">\n\t\t\t\t<div class=\"elementor-widget-container\">\n\t\t\t<style>\/*! elementor - v3.6.4 - 13-04-2022 *\/\n.elementor-heading-title{padding:0;margin:0;line-height:1}.elementor-widget-heading .elementor-heading-title[class*=elementor-size-]>a{color:inherit;font-size:inherit;line-height:inherit}.elementor-widget-heading .elementor-heading-title.elementor-size-small{font-size:15px}.elementor-widget-heading .elementor-heading-title.elementor-size-medium{font-size:19px}.elementor-widget-heading .elementor-heading-title.elementor-size-large{font-size:29px}.elementor-widget-heading .elementor-heading-title.elementor-size-xl{font-size:39px}.elementor-widget-heading .elementor-heading-title.elementor-size-xxl{font-size:59px}<\/style><h2 class=\"elementor-heading-title elementor-size-default\">Requisitos para una Membres\u00eda Personal I.C.C.A.<\/h2>\t\t<\/div>\n\t\t\t\t<\/div>\n\t\t\t\t\t<\/div>\n\t\t<\/div>\n\t\t\t\t\t\t\t<\/div>\n\t\t<\/section>\n\t\t\t\t<section class=\"elementor-section elementor-top-section elementor-element elementor-element-50b5522 elementor-section-boxed elementor-section-height-default elementor-section-height-default\" data-id=\"50b5522\" data-element_type=\"section\" data-settings=\"{&quot;background_background&quot;:&quot;classic&quot;}\">\n\t\t\t\t\t\t\t<div class=\"elementor-background-overlay\"><\/div>\n\t\t\t\t\t\t\t<div class=\"elementor-container elementor-column-gap-default\">\n\t\t\t\t\t<div class=\"elementor-column elementor-col-100 elementor-top-column elementor-element elementor-element-cf70906\" data-id=\"cf70906\" data-element_type=\"column\">\n\t\t\t<div class=\"elementor-widget-wrap elementor-element-populated\">\n\t\t\t\t\t\t\t\t<div class=\"elementor-element elementor-element-34298ec elementor-widget elementor-widget-text-editor\" data-id=\"34298ec\" data-element_type=\"widget\" data-widget_type=\"text-editor.default\">\n\t\t\t\t<div class=\"elementor-widget-container\">\n\t\t\t<style>\/*! elementor - v3.6.4 - 13-04-2022 *\/\n.elementor-widget-text-editor.elementor-drop-cap-view-stacked .elementor-drop-cap{background-color:#818a91;color:#fff}.elementor-widget-text-editor.elementor-drop-cap-view-framed .elementor-drop-cap{color:#818a91;border:3px solid;background-color:transparent}.elementor-widget-text-editor:not(.elementor-drop-cap-view-default) .elementor-drop-cap{margin-top:8px}.elementor-widget-text-editor:not(.elementor-drop-cap-view-default) .elementor-drop-cap-letter{width:1em;height:1em}.elementor-widget-text-editor .elementor-drop-cap{float:left;text-align:center;line-height:1;font-size:50px}.elementor-widget-text-editor .elementor-drop-cap-letter{display:inline-block}<\/style>\t\t\t\t<p><strong>DOCUMENTACI\u00d3N SOLICITADA<\/strong><\/p><p>El interesado que solicite la membres\u00eda, debe de cumplir los siguientes requisitos:<\/p><ol><li>Aplicaci\u00f3n para Afiliaci\u00f3n debidamente Requisitada<\/li><li>Copia de Identificaci\u00f3n Oficial<\/li><li>Comprobante de Pago de Derechos (ser\u00e1 requerido el comprobante original).<\/li><li>Copias de Diplomas y Certificados si las hubiera a color y legibles.<\/li><li>Curr\u00edculum Vitae<\/li><li>Fotograf\u00eda en formato digital (buena resoluci\u00f3n).<\/li><\/ol>\t\t\t\t\t\t<\/div>\n\t\t\t\t<\/div>\n\t\t\t\t<div class=\"elementor-element elementor-element-c533355 elementor-widget elementor-widget-text-editor\" data-id=\"c533355\" data-element_type=\"widget\" data-widget_type=\"text-editor.default\">\n\t\t\t\t<div class=\"elementor-widget-container\">\n\t\t\t\t\t\t\t<p style=\"text-align: center;\"><strong>ENV\u00cdO DE DOCUMENTOS<\/strong><\/p><p style=\"text-align: center;\">El expediente puede ser entregado personalmente o enviado a la siguiente direcci\u00f3n:<\/p><p style=\"text-align: center;\">Atenci\u00f3n<br \/>Departamento de Admisiones<br \/>Consejo de Acreditaci\u00f3n I.C.C.A.<br \/>Paseo de la Reforma N\u00b0389 piso 12<br \/>Col. Cuauht\u00e9moc Delegaci\u00f3n. Cuauht\u00e9moc<br \/>C.P. 06500 M\u00e9xico D.F.<br \/>Tel. +(55)5986-3050,\u00a0<br \/>\u00a0(55) 4303 3539<\/p><p style=\"text-align: center;\"><a href=\"mailto:contacto@icca-coaching.org\">contacto@icca-coaching.org<\/a><\/p>\t\t\t\t\t\t<\/div>\n\t\t\t\t<\/div>\n\t\t\t\t<div class=\"elementor-element elementor-element-07d8f81 elementor-widget elementor-widget-text-editor\" data-id=\"07d8f81\" data-element_type=\"widget\" data-widget_type=\"text-editor.default\">\n\t\t\t\t<div class=\"elementor-widget-container\">\n\t\t\t\t\t\t\t<p>Le recomendamos nos mantenga informados indicando el nombre de la compa\u00f1\u00eda de mensajer\u00eda \u00a0y el n\u00famero de gu\u00eda o c\u00f3digo de rastreo para monitorear su envi\u00f3.<\/p>\t\t\t\t\t\t<\/div>\n\t\t\t\t<\/div>\n\t\t\t\t<div class=\"elementor-element elementor-element-b767eec elementor-widget elementor-widget-heading\" data-id=\"b767eec\" data-element_type=\"widget\" data-widget_type=\"heading.default\">\n\t\t\t\t<div class=\"elementor-widget-container\">\n\t\t\t<h2 class=\"elementor-heading-title elementor-size-default\">Cuotas Vigentes de Membres\u00eda<\/h2>\t\t<\/div>\n\t\t\t\t<\/div>\n\t\t\t\t<div class=\"elementor-element elementor-element-15cf188 elementor-widget elementor-widget-text-editor\" data-id=\"15cf188\" data-element_type=\"widget\" data-widget_type=\"text-editor.default\">\n\t\t\t\t<div class=\"elementor-widget-container\">\n\t\t\t\t\t\t\t<p style=\"text-align: left;\">Solicitar cuotas a tu asesor de Admisiones.<\/p><p style=\"text-align: center;\">Atenci\u00f3n<br \/>Departamento de Admisiones<br \/>Consejo de Acreditaci\u00f3n I.C.C.A.<br \/>Paseo de la Reforma N\u00b0389 piso 12<br \/>Col. Cuauht\u00e9moc Delegaci\u00f3n. Cuauht\u00e9moc.<br \/>C.P. 06500 M\u00e9xico D.F.<br \/>Tel. +(55)5986-3050, (55) 4303 3539<br \/><a href=\"mailto:contacto@icca-coaching.org\">contacto@icca-coaching.org<\/a><\/p>\t\t\t\t\t\t<\/div>\n\t\t\t\t<\/div>\n\t\t\t\t\t<\/div>\n\t\t<\/div>\n\t\t\t\t\t\t\t<\/div>\n\t\t<\/section>\n\t\t\t\t\t\t\t<\/div>\n\t\t","protected":false},"excerpt":{"rendered":"<p>Requisitos para una Membres\u00eda Personal I.C.C.A. DOCUMENTACI\u00d3N SOLICITADA El interesado que solicite la membres\u00eda, debe de cumplir los siguientes requisitos: Aplicaci\u00f3n para Afiliaci\u00f3n debidamente Requisitada Copia de Identificaci\u00f3n Oficial Comprobante de Pago de Derechos (ser\u00e1 requerido el comprobante original). Copias de Diplomas y Certificados si las hubiera a color y legibles. Curr\u00edculum Vitae Fotograf\u00eda en &hellip;<\/p>\n<p class=\"read-more\"> <a class=\"\" href=\"https:\/\/icca-coaching.org\/ConsejoICCA\/requisitos\/\"> <span class=\"screen-reader-text\">Requisitos<\/span> Leer m\u00e1s &raquo;<\/a><\/p>\n","protected":false},"author":1,"featured_media":0,"parent":0,"menu_order":0,"comment_status":"closed","ping_status":"closed","template":"","meta":{"site-sidebar-layout":"no-sidebar","site-content-layout":"page-builder","ast-global-header-display":"","ast-banner-title-visibility":"","ast-main-header-display":"","ast-hfb-above-header-display":"","ast-hfb-below-header-display":"","ast-hfb-mobile-header-display":"","site-post-title":"disabled","ast-breadcrumbs-content":"","ast-featured-img":"disabled","footer-sml-layout":"","theme-transparent-header-meta":"","adv-header-id-meta":"","stick-header-meta":"","header-above-stick-meta":"","header-main-stick-meta":"","header-below-stick-meta":"","footnotes":""},"class_list":["post-540","page","type-page","status-publish","hentry"],"_links":{"self":[{"href":"https:\/\/icca-coaching.org\/ConsejoICCA\/wp-json\/wp\/v2\/pages\/540","targetHints":{"allow":["GET"]}}],"collection":[{"href":"https:\/\/icca-coaching.org\/ConsejoICCA\/wp-json\/wp\/v2\/pages"}],"about":[{"href":"https:\/\/icca-coaching.org\/ConsejoICCA\/wp-json\/wp\/v2\/types\/page"}],"author":[{"embeddable":true,"href":"https:\/\/icca-coaching.org\/ConsejoICCA\/wp-json\/wp\/v2\/users\/1"}],"replies":[{"embeddable":true,"href":"https:\/\/icca-coaching.org\/ConsejoICCA\/wp-json\/wp\/v2\/comments?post=540"}],"version-history":[{"count":13,"href":"https:\/\/icca-coaching.org\/ConsejoICCA\/wp-json\/wp\/v2\/pages\/540\/revisions"}],"predecessor-version":[{"id":558,"href":"https:\/\/icca-coaching.org\/ConsejoICCA\/wp-json\/wp\/v2\/pages\/540\/revisions\/558"}],"wp:attachment":[{"href":"https:\/\/icca-coaching.org\/ConsejoICCA\/wp-json\/wp\/v2\/media?parent=540"}],"curies":[{"name":"wp","href":"https:\/\/api.w.org\/{rel}","templated":true}]}}