{"id":802,"date":"2022-01-03T18:21:02","date_gmt":"2022-01-03T18:21:02","guid":{"rendered":"https:\/\/icca-coaching.org\/ConsejoICCA\/?page_id=802"},"modified":"2022-01-03T18:25:59","modified_gmt":"2022-01-03T18:25:59","slug":"coach-trainer-procedimiento","status":"publish","type":"page","link":"https:\/\/icca-coaching.org\/ConsejoICCA\/coach-trainer-procedimiento\/","title":{"rendered":"coach trainer &#8211; Procedimiento"},"content":{"rendered":"\t\t<div data-elementor-type=\"wp-page\" data-elementor-id=\"802\" class=\"elementor elementor-802\">\n\t\t\t\t\t\t\t\t\t<section class=\"elementor-section elementor-top-section elementor-element elementor-element-7608aeb elementor-section-boxed elementor-section-height-default elementor-section-height-default\" data-id=\"7608aeb\" data-element_type=\"section\">\n\t\t\t\t\t\t<div class=\"elementor-container elementor-column-gap-default\">\n\t\t\t\t\t<div class=\"elementor-column elementor-col-100 elementor-top-column elementor-element elementor-element-78a5b90\" data-id=\"78a5b90\" data-element_type=\"column\">\n\t\t\t<div class=\"elementor-widget-wrap elementor-element-populated\">\n\t\t\t\t\t\t\t\t<div class=\"elementor-element elementor-element-73947cf elementor-widget elementor-widget-heading\" data-id=\"73947cf\" data-element_type=\"widget\" data-widget_type=\"heading.default\">\n\t\t\t\t<div class=\"elementor-widget-container\">\n\t\t\t<style>\/*! elementor - v3.6.4 - 13-04-2022 *\/\n.elementor-heading-title{padding:0;margin:0;line-height:1}.elementor-widget-heading .elementor-heading-title[class*=elementor-size-]>a{color:inherit;font-size:inherit;line-height:inherit}.elementor-widget-heading .elementor-heading-title.elementor-size-small{font-size:15px}.elementor-widget-heading .elementor-heading-title.elementor-size-medium{font-size:19px}.elementor-widget-heading .elementor-heading-title.elementor-size-large{font-size:29px}.elementor-widget-heading .elementor-heading-title.elementor-size-xl{font-size:39px}.elementor-widget-heading .elementor-heading-title.elementor-size-xxl{font-size:59px}<\/style><h2 class=\"elementor-heading-title elementor-size-default\">Procedimiento para la Certificaci\u00f3n Coach Trainer I.C.C.A.<\/h2>\t\t<\/div>\n\t\t\t\t<\/div>\n\t\t\t\t\t<\/div>\n\t\t<\/div>\n\t\t\t\t\t\t\t<\/div>\n\t\t<\/section>\n\t\t\t\t<section class=\"elementor-section elementor-top-section elementor-element elementor-element-7e32c0e elementor-section-boxed elementor-section-height-default elementor-section-height-default\" data-id=\"7e32c0e\" data-element_type=\"section\">\n\t\t\t\t\t\t\t<div class=\"elementor-background-overlay\"><\/div>\n\t\t\t\t\t\t\t<div class=\"elementor-container elementor-column-gap-default\">\n\t\t\t\t\t<div class=\"elementor-column elementor-col-100 elementor-top-column elementor-element elementor-element-b007f97\" data-id=\"b007f97\" data-element_type=\"column\">\n\t\t\t<div class=\"elementor-widget-wrap elementor-element-populated\">\n\t\t\t\t\t\t\t\t<div class=\"elementor-element elementor-element-b379fed elementor-widget elementor-widget-text-editor\" data-id=\"b379fed\" data-element_type=\"widget\" data-widget_type=\"text-editor.default\">\n\t\t\t\t<div class=\"elementor-widget-container\">\n\t\t\t<style>\/*! elementor - v3.6.4 - 13-04-2022 *\/\n.elementor-widget-text-editor.elementor-drop-cap-view-stacked .elementor-drop-cap{background-color:#818a91;color:#fff}.elementor-widget-text-editor.elementor-drop-cap-view-framed .elementor-drop-cap{color:#818a91;border:3px solid;background-color:transparent}.elementor-widget-text-editor:not(.elementor-drop-cap-view-default) .elementor-drop-cap{margin-top:8px}.elementor-widget-text-editor:not(.elementor-drop-cap-view-default) .elementor-drop-cap-letter{width:1em;height:1em}.elementor-widget-text-editor .elementor-drop-cap{float:left;text-align:center;line-height:1;font-size:50px}.elementor-widget-text-editor .elementor-drop-cap-letter{display:inline-block}<\/style>\t\t\t\t<p><strong>A continuaci\u00f3n se indica el procedimiento necesario para la Certificaci\u00f3n Coach Trainer I.C.C.A.:<\/strong><\/p><ol><li>Dirigir \u201cCarta de Intenci\u00f3n\u201d correspondiente, indicando los datos de contacto del solicitante. Esta ser\u00e1 enviada\u00a0 v\u00eda\u00a0 e-mail a\u00a0\u00a0<a href=\"mailto:contacto@icca-coaching.org\">contacto@icca-coaching.org<\/a>\u00a0\u00a0\u00a0junto con el comprobante de pago de la cuota establecida.<\/li><li>El interesado cumplir\u00e1 todos los requisitos necesarios. Dicha informaci\u00f3n ser\u00e1 remitida v\u00eda e-mail a la misma direcci\u00f3n arriba indicada.<\/li><li>Una vez recibida por el Departamento de Vinculaci\u00f3n \u00e9ste proceder\u00e1 a realizar el estudio y evaluaci\u00f3n de la documentaci\u00f3n aportada. El Departamento de Vinculaci\u00f3n podr\u00e1 solicitar m\u00e1s informaci\u00f3n o la aclaraci\u00f3n de cualquier documento entregado por el interesado.<\/li><li>La Direcci\u00f3n de Registro, estudiar\u00e1 la documentaci\u00f3n aportada y comunicar\u00e1 la resoluci\u00f3n de la solicitud, dentro de los 15 d\u00edas siguientes a su presentaci\u00f3n. Este plazo puede ampliarse si el Comit\u00e9 solicita m\u00e1s documentaci\u00f3n, ampliaci\u00f3n de datos o incluso aclaraciones.<\/li><li>La Direcci\u00f3n de Registro podr\u00e1 denegar la solicitud si no se cumplen los requisitos establecidos. Dicha negativa se comunicar\u00e1 por escrito, haciendo referencia a las causas de incumplimiento de la solicitud.<\/li><li>Obtenida la Certificaci\u00f3n, se enviar\u00e1 al interesado las credenciales correspondientes\u00a0<em>(Revisar el apartado \u201c<strong>OBTENDR\u00c1S POR PARTE DE CONSEJO ICCA\u201d<\/strong>).<\/em><strong>\u00a0<\/strong><\/li><li>El Interesado deber\u00e1 cumplir, en todo momento, con los requisitos solicitados por el\u00a0<strong>Consejo I.C.C.A.<\/strong>\u00a0para la obtenci\u00f3n de la Certificaci\u00f3n. Comprometi\u00e9ndose a respetar la normativa de revisiones, renovaciones y vigencia.<\/li><\/ol>\t\t\t\t\t\t<\/div>\n\t\t\t\t<\/div>\n\t\t\t\t\t<\/div>\n\t\t<\/div>\n\t\t\t\t\t\t\t<\/div>\n\t\t<\/section>\n\t\t\t\t\t\t\t<\/div>\n\t\t","protected":false},"excerpt":{"rendered":"<p>Procedimiento para la Certificaci\u00f3n Coach Trainer I.C.C.A. A continuaci\u00f3n se indica el procedimiento necesario para la Certificaci\u00f3n Coach Trainer I.C.C.A.: Dirigir \u201cCarta de Intenci\u00f3n\u201d correspondiente, indicando los datos de contacto del solicitante. Esta ser\u00e1 enviada\u00a0 v\u00eda\u00a0 e-mail a\u00a0\u00a0contacto@icca-coaching.org\u00a0\u00a0\u00a0junto con el comprobante de pago de la cuota establecida. El interesado cumplir\u00e1 todos los requisitos necesarios. Dicha &hellip;<\/p>\n<p class=\"read-more\"> <a class=\"\" href=\"https:\/\/icca-coaching.org\/ConsejoICCA\/coach-trainer-procedimiento\/\"> <span class=\"screen-reader-text\">coach trainer &#8211; Procedimiento<\/span> Leer m\u00e1s &raquo;<\/a><\/p>\n","protected":false},"author":1,"featured_media":0,"parent":0,"menu_order":0,"comment_status":"closed","ping_status":"closed","template":"","meta":{"site-sidebar-layout":"no-sidebar","site-content-layout":"page-builder","ast-global-header-display":"","ast-banner-title-visibility":"","ast-main-header-display":"","ast-hfb-above-header-display":"","ast-hfb-below-header-display":"","ast-hfb-mobile-header-display":"","site-post-title":"disabled","ast-breadcrumbs-content":"","ast-featured-img":"disabled","footer-sml-layout":"","theme-transparent-header-meta":"","adv-header-id-meta":"","stick-header-meta":"","header-above-stick-meta":"","header-main-stick-meta":"","header-below-stick-meta":"","footnotes":""},"class_list":["post-802","page","type-page","status-publish","hentry"],"_links":{"self":[{"href":"https:\/\/icca-coaching.org\/ConsejoICCA\/wp-json\/wp\/v2\/pages\/802","targetHints":{"allow":["GET"]}}],"collection":[{"href":"https:\/\/icca-coaching.org\/ConsejoICCA\/wp-json\/wp\/v2\/pages"}],"about":[{"href":"https:\/\/icca-coaching.org\/ConsejoICCA\/wp-json\/wp\/v2\/types\/page"}],"author":[{"embeddable":true,"href":"https:\/\/icca-coaching.org\/ConsejoICCA\/wp-json\/wp\/v2\/users\/1"}],"replies":[{"embeddable":true,"href":"https:\/\/icca-coaching.org\/ConsejoICCA\/wp-json\/wp\/v2\/comments?post=802"}],"version-history":[{"count":10,"href":"https:\/\/icca-coaching.org\/ConsejoICCA\/wp-json\/wp\/v2\/pages\/802\/revisions"}],"predecessor-version":[{"id":812,"href":"https:\/\/icca-coaching.org\/ConsejoICCA\/wp-json\/wp\/v2\/pages\/802\/revisions\/812"}],"wp:attachment":[{"href":"https:\/\/icca-coaching.org\/ConsejoICCA\/wp-json\/wp\/v2\/media?parent=802"}],"curies":[{"name":"wp","href":"https:\/\/api.w.org\/{rel}","templated":true}]}}