{"id":925,"date":"2022-01-03T22:10:39","date_gmt":"2022-01-03T22:10:39","guid":{"rendered":"https:\/\/icca-coaching.org\/ConsejoICCA\/?page_id=925"},"modified":"2022-01-03T22:24:21","modified_gmt":"2022-01-03T22:24:21","slug":"master-coach-trainer-preguntas-frecuentes","status":"publish","type":"page","link":"https:\/\/icca-coaching.org\/ConsejoICCA\/master-coach-trainer-preguntas-frecuentes\/","title":{"rendered":"master coach trainer- preguntas frecuentes"},"content":{"rendered":"\t\t<div data-elementor-type=\"wp-page\" data-elementor-id=\"925\" class=\"elementor elementor-925\">\n\t\t\t\t\t\t\t\t\t<section class=\"elementor-section elementor-top-section elementor-element elementor-element-d006069 elementor-section-boxed elementor-section-height-default elementor-section-height-default\" data-id=\"d006069\" data-element_type=\"section\">\n\t\t\t\t\t\t<div class=\"elementor-container elementor-column-gap-default\">\n\t\t\t\t\t<div class=\"elementor-column elementor-col-100 elementor-top-column elementor-element elementor-element-34603ef\" data-id=\"34603ef\" data-element_type=\"column\">\n\t\t\t<div class=\"elementor-widget-wrap elementor-element-populated\">\n\t\t\t\t\t\t\t\t<div class=\"elementor-element elementor-element-8b3e24d elementor-widget elementor-widget-heading\" data-id=\"8b3e24d\" data-element_type=\"widget\" data-widget_type=\"heading.default\">\n\t\t\t\t<div class=\"elementor-widget-container\">\n\t\t\t<style>\/*! elementor - v3.6.4 - 13-04-2022 *\/\n.elementor-heading-title{padding:0;margin:0;line-height:1}.elementor-widget-heading .elementor-heading-title[class*=elementor-size-]>a{color:inherit;font-size:inherit;line-height:inherit}.elementor-widget-heading .elementor-heading-title.elementor-size-small{font-size:15px}.elementor-widget-heading .elementor-heading-title.elementor-size-medium{font-size:19px}.elementor-widget-heading .elementor-heading-title.elementor-size-large{font-size:29px}.elementor-widget-heading .elementor-heading-title.elementor-size-xl{font-size:39px}.elementor-widget-heading .elementor-heading-title.elementor-size-xxl{font-size:59px}<\/style><h2 class=\"elementor-heading-title elementor-size-default\">Preguntas Frecuentes sobre el Nombramiento Master Coach Trainer<\/h2>\t\t<\/div>\n\t\t\t\t<\/div>\n\t\t\t\t\t<\/div>\n\t\t<\/div>\n\t\t\t\t\t\t\t<\/div>\n\t\t<\/section>\n\t\t\t\t<section class=\"elementor-section elementor-top-section elementor-element elementor-element-4f7f57e elementor-section-boxed elementor-section-height-default elementor-section-height-default\" data-id=\"4f7f57e\" data-element_type=\"section\">\n\t\t\t\t\t\t<div class=\"elementor-container elementor-column-gap-default\">\n\t\t\t\t\t<div class=\"elementor-column elementor-col-100 elementor-top-column elementor-element elementor-element-e9e9045\" data-id=\"e9e9045\" data-element_type=\"column\">\n\t\t\t<div class=\"elementor-widget-wrap elementor-element-populated\">\n\t\t\t\t\t\t\t\t<div class=\"elementor-element elementor-element-16feb02 elementor-widget elementor-widget-accordion\" data-id=\"16feb02\" data-element_type=\"widget\" data-widget_type=\"accordion.default\">\n\t\t\t\t<div class=\"elementor-widget-container\">\n\t\t\t<style>\/*! elementor - v3.6.4 - 13-04-2022 *\/\n.elementor-accordion{text-align:left}.elementor-accordion .elementor-accordion-item{border:1px solid #d4d4d4}.elementor-accordion .elementor-accordion-item+.elementor-accordion-item{border-top:none}.elementor-accordion .elementor-tab-title{margin:0;padding:15px 20px;font-weight:700;line-height:1;cursor:pointer;outline:none}.elementor-accordion .elementor-tab-title .elementor-accordion-icon{display:inline-block;width:1.5em}.elementor-accordion .elementor-tab-title .elementor-accordion-icon svg{width:1em;height:1em}.elementor-accordion .elementor-tab-title .elementor-accordion-icon.elementor-accordion-icon-right{float:right;text-align:right}.elementor-accordion .elementor-tab-title .elementor-accordion-icon.elementor-accordion-icon-left{float:left;text-align:left}.elementor-accordion .elementor-tab-title .elementor-accordion-icon .elementor-accordion-icon-closed{display:block}.elementor-accordion .elementor-tab-title .elementor-accordion-icon .elementor-accordion-icon-opened,.elementor-accordion .elementor-tab-title.elementor-active .elementor-accordion-icon-closed{display:none}.elementor-accordion .elementor-tab-title.elementor-active .elementor-accordion-icon-opened{display:block}.elementor-accordion .elementor-tab-content{display:none;padding:15px 20px;border-top:1px solid #d4d4d4}@media (max-width:767px){.elementor-accordion .elementor-tab-title{padding:12px 15px}.elementor-accordion .elementor-tab-title .elementor-accordion-icon{width:1.2em}.elementor-accordion .elementor-tab-content{padding:7px 15px}}<\/style>\t\t<div class=\"elementor-accordion\" role=\"tablist\">\n\t\t\t\t\t\t\t<div class=\"elementor-accordion-item\">\n\t\t\t\t\t<div id=\"elementor-tab-title-2411\" class=\"elementor-tab-title\" data-tab=\"1\" role=\"tab\" aria-controls=\"elementor-tab-content-2411\" aria-expanded=\"false\">\n\t\t\t\t\t\t\t\t\t\t\t\t\t<span class=\"elementor-accordion-icon elementor-accordion-icon-left\" aria-hidden=\"true\">\n\t\t\t\t\t\t\t\t\t\t\t\t\t\t\t<span class=\"elementor-accordion-icon-closed\"><i class=\"fas fa-plus\"><\/i><\/span>\n\t\t\t\t\t\t\t\t<span class=\"elementor-accordion-icon-opened\"><i class=\"fas fa-minus\"><\/i><\/span>\n\t\t\t\t\t\t\t\t\t\t\t\t\t\t<\/span>\n\t\t\t\t\t\t\t\t\t\t\t\t<a class=\"elementor-accordion-title\" href=\"\"> \u00bfQU\u00c9 ES NOMBRAMIENTO M\u00c1STER COACH TRAINER I.C.C.A.?<\/a>\n\t\t\t\t\t<\/div>\n\t\t\t\t\t<div id=\"elementor-tab-content-2411\" class=\"elementor-tab-content elementor-clearfix\" data-tab=\"1\" role=\"tabpanel\" aria-labelledby=\"elementor-tab-title-2411\"><p>El Nombramiento Master Coach Trainer I.C.C.A es otorgado a profesionales del Coaching que hayan cumplido un total de 750 horas de entrenamiento adem\u00e1s de contar adicionalmente con 250 horas de pr\u00e1ctica independiente.<\/p><p>El Nombramiento Master Coach Trainer es otorgado a profesionales del Coaching que cuenten con la \u00a0preparaci\u00f3n\u00a0 y la capacidad para desarrollarse como especialistas, aplicando su conocimiento y liderazgo para crear Planes y Programas de Estudio y\/o\u00a0 constituir\u00a0 un Centro de Formaci\u00f3n.<\/p><\/div>\n\t\t\t\t<\/div>\n\t\t\t\t\t\t\t<div class=\"elementor-accordion-item\">\n\t\t\t\t\t<div id=\"elementor-tab-title-2412\" class=\"elementor-tab-title\" data-tab=\"2\" role=\"tab\" aria-controls=\"elementor-tab-content-2412\" aria-expanded=\"false\">\n\t\t\t\t\t\t\t\t\t\t\t\t\t<span class=\"elementor-accordion-icon elementor-accordion-icon-left\" aria-hidden=\"true\">\n\t\t\t\t\t\t\t\t\t\t\t\t\t\t\t<span class=\"elementor-accordion-icon-closed\"><i class=\"fas fa-plus\"><\/i><\/span>\n\t\t\t\t\t\t\t\t<span class=\"elementor-accordion-icon-opened\"><i class=\"fas fa-minus\"><\/i><\/span>\n\t\t\t\t\t\t\t\t\t\t\t\t\t\t<\/span>\n\t\t\t\t\t\t\t\t\t\t\t\t<a class=\"elementor-accordion-title\" href=\"\"> \u00bfPOR QU\u00c9 ES IMPORTANTE LA NOMBRAMIENTO M\u00c1STER COACH TRAINER I.C.C.A.?<\/a>\n\t\t\t\t\t<\/div>\n\t\t\t\t\t<div id=\"elementor-tab-content-2412\" class=\"elementor-tab-content elementor-clearfix\" data-tab=\"2\" role=\"tabpanel\" aria-labelledby=\"elementor-tab-title-2412\"><p>El Nombramiento M\u00e1ster Coach Trainer I.C.C.A es importante entre otras muchas razones, porque:<\/p><ul><li>Avala su formaci\u00f3n te\u00f3rica y pr\u00e1ctica.<\/li><li>Da seguridad a sus clientes.<\/li><li>Fortalece la credibilidad de su trabajo.<\/li><li>Da certeza de su calidad y liderazgo profesional.<\/li><li>Motiva a capacitarse.<\/li><li>Ampl\u00eda su visi\u00f3n profesional.<\/li><li>Contribuye a incrementar su reputaci\u00f3n profesional.<\/li><li>Permite trabajar en campos restringidos para Psic\u00f3logos.<\/li><li>Da prestigio.<\/li><\/ul><\/div>\n\t\t\t\t<\/div>\n\t\t\t\t\t\t\t<div class=\"elementor-accordion-item\">\n\t\t\t\t\t<div id=\"elementor-tab-title-2413\" class=\"elementor-tab-title\" data-tab=\"3\" role=\"tab\" aria-controls=\"elementor-tab-content-2413\" aria-expanded=\"false\">\n\t\t\t\t\t\t\t\t\t\t\t\t\t<span class=\"elementor-accordion-icon elementor-accordion-icon-left\" aria-hidden=\"true\">\n\t\t\t\t\t\t\t\t\t\t\t\t\t\t\t<span class=\"elementor-accordion-icon-closed\"><i class=\"fas fa-plus\"><\/i><\/span>\n\t\t\t\t\t\t\t\t<span class=\"elementor-accordion-icon-opened\"><i class=\"fas fa-minus\"><\/i><\/span>\n\t\t\t\t\t\t\t\t\t\t\t\t\t\t<\/span>\n\t\t\t\t\t\t\t\t\t\t\t\t<a class=\"elementor-accordion-title\" href=\"\">\u00bfCU\u00c1LES SON LOS REQUISITOS?<\/a>\n\t\t\t\t\t<\/div>\n\t\t\t\t\t<div id=\"elementor-tab-content-2413\" class=\"elementor-tab-content elementor-clearfix\" data-tab=\"3\" role=\"tabpanel\" aria-labelledby=\"elementor-tab-title-2413\"><ol><li>Carta de Intenci\u00f3n con firma aut\u00f3grafa del interesado.<\/li><li>Aplicaci\u00f3n con firma aut\u00f3grafa.<\/li><li>Pago de Derechos seg\u00fan corresponda, enviar comprobante de pago original.<\/li><li>Contar con membrec\u00eda vigente para obtener un precio especial.<\/li><li>Copia de Identificaci\u00f3n Oficial.<\/li><li>Comprobante de Domicilio.<\/li><li>Curriculum Vitae.<\/li><li>Fotograf\u00eda en formato digital (buena resoluci\u00f3n).<\/li><li>Copia de Diplomas, Reconocimientos o Certificaciones obtenidas por el interesado que avalen\u00a0 su formaci\u00f3n acad\u00e9mica profesional y relacionada al Coaching.<\/li><li>Referencias de cinco Coachees con los cuales haya trabajado.<\/li><li>Testimonio grabado de dos Coachees. (Se puede enviar en CD o subir a You Tube).<\/li><li>Exposici\u00f3n oral de un tema libre relacionado al Coaching con una duraci\u00f3n m\u00ednima de 30 Minutos. (Se puede enviar en CD o subir a YouTube).<\/li><\/ol><p>Los aspectos a revisar del Video ser\u00e1n los siguientes:<\/p><ul><li>Presentaci\u00f3n del expositor.<\/li><li>Estructura (Introducci\u00f3n, Desarrollo y Conclusi\u00f3n)<\/li><li>Medios y\/o materiales de apoyo.<\/li><li>Calidad y audio del video.<\/li><li>Dominio del tema.<\/li><li>Orden metodol\u00f3gico.<\/li><li>Tiempos.<\/li><li>Oratoria (Voz, expresi\u00f3n corporal, uso del escenario e interacci\u00f3n con el p\u00fablico).\u00a0<\/li><\/ul><\/div>\n\t\t\t\t<\/div>\n\t\t\t\t\t\t\t<div class=\"elementor-accordion-item\">\n\t\t\t\t\t<div id=\"elementor-tab-title-2414\" class=\"elementor-tab-title\" data-tab=\"4\" role=\"tab\" aria-controls=\"elementor-tab-content-2414\" aria-expanded=\"false\">\n\t\t\t\t\t\t\t\t\t\t\t\t\t<span class=\"elementor-accordion-icon elementor-accordion-icon-left\" aria-hidden=\"true\">\n\t\t\t\t\t\t\t\t\t\t\t\t\t\t\t<span class=\"elementor-accordion-icon-closed\"><i class=\"fas fa-plus\"><\/i><\/span>\n\t\t\t\t\t\t\t\t<span class=\"elementor-accordion-icon-opened\"><i class=\"fas fa-minus\"><\/i><\/span>\n\t\t\t\t\t\t\t\t\t\t\t\t\t\t<\/span>\n\t\t\t\t\t\t\t\t\t\t\t\t<a class=\"elementor-accordion-title\" href=\"\">AL APLICAR PARA EL PROCESO DE NOMBRAMIENTO M\u00c1STER COACH TRAINER I.C.C.A. \u00bfQUE SE OBTIENE?<\/a>\n\t\t\t\t\t<\/div>\n\t\t\t\t\t<div id=\"elementor-tab-content-2414\" class=\"elementor-tab-content elementor-clearfix\" data-tab=\"4\" role=\"tabpanel\" aria-labelledby=\"elementor-tab-title-2414\"><p>El postulante que obtenga su Nombramiento M\u00e1ster Coach Trainer ICCA, ser\u00e1 acreedor a:<\/p><ul><li>Nombramiento emitido por el Consejo ICCA, que avala el cumplimiento de los requisitos m\u00ednimos solicitados.<\/li><li>Publicaci\u00f3n de su Perfil en nuestro portal\u00a0<a href=\"http:\/\/www.icca-coaching.org\/coach\/ICCA\/coaches\/\">www.icca-coaching.org\/coach\/ICCA\/coaches\/<\/a>\u00a0, mencionando nombre, nivel de reconocimiento, especialidad, vigencia y datos de contacto, se solicitar\u00e1 que el interesado autorice la publicaci\u00f3n de su perfil.<\/li><li>Oportunidad de participar en nuestra Gaceta\u00a0 compartiendo, \u00a0art\u00edculos, entrevistas o eventos importantes.<\/li><li>Obtenci\u00f3n de descuentos en tr\u00e1mites de Acreditaci\u00f3n Centros de\u00a0 Formaci\u00f3n, Acreditaci\u00f3n \u00a0Programas de Estudio, Reconocimiento de Talleres Cortos y en accesos para Congresos, Conferencias presenciales o en l\u00ednea.<\/li><li>Simplificaci\u00f3n Administrativa en tr\u00e1mites ante el Consejo I.C.C.A.<\/li><li>Placa Oficial del Nombramiento (Los costos de manufactura no est\u00e1n incluidos en el pago de derechos).<\/li><\/ul><\/div>\n\t\t\t\t<\/div>\n\t\t\t\t\t\t\t<div class=\"elementor-accordion-item\">\n\t\t\t\t\t<div id=\"elementor-tab-title-2415\" class=\"elementor-tab-title\" data-tab=\"5\" role=\"tab\" aria-controls=\"elementor-tab-content-2415\" aria-expanded=\"false\">\n\t\t\t\t\t\t\t\t\t\t\t\t\t<span class=\"elementor-accordion-icon elementor-accordion-icon-left\" aria-hidden=\"true\">\n\t\t\t\t\t\t\t\t\t\t\t\t\t\t\t<span class=\"elementor-accordion-icon-closed\"><i class=\"fas fa-plus\"><\/i><\/span>\n\t\t\t\t\t\t\t\t<span class=\"elementor-accordion-icon-opened\"><i class=\"fas fa-minus\"><\/i><\/span>\n\t\t\t\t\t\t\t\t\t\t\t\t\t\t<\/span>\n\t\t\t\t\t\t\t\t\t\t\t\t<a class=\"elementor-accordion-title\" href=\"\"> \u00bfCU\u00c1L ES LA VIGENCIA DEL NOMBRAMIENTO M\u00c1STER COACH TRAINER I.C.C.A.?<\/a>\n\t\t\t\t\t<\/div>\n\t\t\t\t\t<div id=\"elementor-tab-content-2415\" class=\"elementor-tab-content elementor-clearfix\" data-tab=\"5\" role=\"tabpanel\" aria-labelledby=\"elementor-tab-title-2415\"><p>El Nombramiento M\u00e1ster Coach Trainer I.C.C.A. tiene una vigencia de 2 a\u00f1os y para conservarlo, el interesado se compromete a mantenerse actualizado, participar activamente en convocatorias y trabajar siempre respetando el C\u00f3digo de \u00c9tica de ICCA, as\u00ed mismo para poder obtener el refrendo de su Nombramiento por otro periodo similar se someter\u00e1 a un proceso de evaluaci\u00f3n, previo pago de derechos.<\/p><\/div>\n\t\t\t\t<\/div>\n\t\t\t\t\t\t\t<div class=\"elementor-accordion-item\">\n\t\t\t\t\t<div id=\"elementor-tab-title-2416\" class=\"elementor-tab-title\" data-tab=\"6\" role=\"tab\" aria-controls=\"elementor-tab-content-2416\" aria-expanded=\"false\">\n\t\t\t\t\t\t\t\t\t\t\t\t\t<span class=\"elementor-accordion-icon elementor-accordion-icon-left\" aria-hidden=\"true\">\n\t\t\t\t\t\t\t\t\t\t\t\t\t\t\t<span class=\"elementor-accordion-icon-closed\"><i class=\"fas fa-plus\"><\/i><\/span>\n\t\t\t\t\t\t\t\t<span class=\"elementor-accordion-icon-opened\"><i class=\"fas fa-minus\"><\/i><\/span>\n\t\t\t\t\t\t\t\t\t\t\t\t\t\t<\/span>\n\t\t\t\t\t\t\t\t\t\t\t\t<a class=\"elementor-accordion-title\" href=\"\">\u00bfCU\u00c1L ES LA INVERSI\u00d3N QUE SE DEBE HACER?<\/a>\n\t\t\t\t\t<\/div>\n\t\t\t\t\t<div id=\"elementor-tab-content-2416\" class=\"elementor-tab-content elementor-clearfix\" data-tab=\"6\" role=\"tabpanel\" aria-labelledby=\"elementor-tab-title-2416\"><p>Solicitar cuotas a tu Asesor de Admisiones.<\/p><p style=\"text-align: center;\"><i>Atenci\u00f3n<br \/><\/i><i>Departamento de Admisiones<br \/><\/i><b><i>Consejo de Acreditaci\u00f3n I.C.C.A.<br \/><\/i><\/b><i>Paseo de la Reforma N\u00b0389 piso 12<br \/><\/i><i>Col. Cuauht\u00e9moc Delegaci\u00f3n. Cuauht\u00e9moc<br \/><\/i><i>C.P. 06500 M\u00e9xico D.F.<br \/><\/i>Tel. +(55)5986-3050, \u00a0+(55) 4303 3539<br \/><i><\/i><i><a href=\"mailto:contacto@icca-coaching.org\">contacto@icca-coaching.org<\/a><\/i><\/p><\/div>\n\t\t\t\t<\/div>\n\t\t\t\t\t\t\t<div class=\"elementor-accordion-item\">\n\t\t\t\t\t<div id=\"elementor-tab-title-2417\" class=\"elementor-tab-title\" data-tab=\"7\" role=\"tab\" aria-controls=\"elementor-tab-content-2417\" aria-expanded=\"false\">\n\t\t\t\t\t\t\t\t\t\t\t\t\t<span class=\"elementor-accordion-icon elementor-accordion-icon-left\" aria-hidden=\"true\">\n\t\t\t\t\t\t\t\t\t\t\t\t\t\t\t<span class=\"elementor-accordion-icon-closed\"><i class=\"fas fa-plus\"><\/i><\/span>\n\t\t\t\t\t\t\t\t<span class=\"elementor-accordion-icon-opened\"><i class=\"fas fa-minus\"><\/i><\/span>\n\t\t\t\t\t\t\t\t\t\t\t\t\t\t<\/span>\n\t\t\t\t\t\t\t\t\t\t\t\t<a class=\"elementor-accordion-title\" href=\"\"> \u00bfCU\u00c1LES SON LAS FORMAS DE PAGO QUE OFRECEN?<\/a>\n\t\t\t\t\t<\/div>\n\t\t\t\t\t<div id=\"elementor-tab-content-2417\" class=\"elementor-tab-content elementor-clearfix\" data-tab=\"7\" role=\"tabpanel\" aria-labelledby=\"elementor-tab-title-2417\"><ul><li>Deposito directo a la cuenta bancaria.<\/li><li>Transferencia Electr\u00f3nica.<\/li><li>Pago con Tarjeta de Cr\u00e9dito o D\u00e9bito.(Para realizar este se debe solicitar un enlace\u00a0 al correo\u00a0<a href=\"mailto:billing@icca-coaching.org\">billing@icca-coaching.org<\/a>).<\/li><\/ul><\/div>\n\t\t\t\t<\/div>\n\t\t\t\t\t\t\t<div class=\"elementor-accordion-item\">\n\t\t\t\t\t<div id=\"elementor-tab-title-2418\" class=\"elementor-tab-title\" data-tab=\"8\" role=\"tab\" aria-controls=\"elementor-tab-content-2418\" aria-expanded=\"false\">\n\t\t\t\t\t\t\t\t\t\t\t\t\t<span class=\"elementor-accordion-icon elementor-accordion-icon-left\" aria-hidden=\"true\">\n\t\t\t\t\t\t\t\t\t\t\t\t\t\t\t<span class=\"elementor-accordion-icon-closed\"><i class=\"fas fa-plus\"><\/i><\/span>\n\t\t\t\t\t\t\t\t<span class=\"elementor-accordion-icon-opened\"><i class=\"fas fa-minus\"><\/i><\/span>\n\t\t\t\t\t\t\t\t\t\t\t\t\t\t<\/span>\n\t\t\t\t\t\t\t\t\t\t\t\t<a class=\"elementor-accordion-title\" href=\"\"> \u00bfD\u00d3NDE ENV\u00cdO EL EXPEDIENTE COMPLETO PARA REALIZAR DICHO TRAMITE?<\/a>\n\t\t\t\t\t<\/div>\n\t\t\t\t\t<div id=\"elementor-tab-content-2418\" class=\"elementor-tab-content elementor-clearfix\" data-tab=\"8\" role=\"tabpanel\" aria-labelledby=\"elementor-tab-title-2418\"><p>El expediente puede ser entregado personalmente o enviado a la siguiente direcci\u00f3n:<\/p><p style=\"text-align: center;\"><i>Atenci\u00f3n<br \/><\/i><i>Departamento de Admisiones<br \/><\/i><b><i>Consejo de Acreditaci\u00f3n I.C.C.A.<br \/><\/i><\/b><i>Paseo de la Reforma N\u00b0389 piso 12]<br \/><\/i><i>Col. Cuauht\u00e9moc Delegaci\u00f3n. Cuauht\u00e9moc<br \/><\/i><i>C.P. 06500 M\u00e9xico D.F.<br \/><\/i>Tel. +(55)5986-3050, \u00a0+(55) 4303 3539<br \/><i><\/i><i><a href=\"mailto:contacto@icca-coaching.org\">contacto@icca-coaching.org<\/a><\/i><\/p><p>Le recomendamos nos mantenga informados indicando \u00a0el nombre de la compa\u00f1\u00eda de mensajer\u00eda \u00a0y el n\u00famero de gu\u00eda o c\u00f3digo de rastreo para monitorear su env\u00edo.<\/p><\/div>\n\t\t\t\t<\/div>\n\t\t\t\t\t\t\t<div class=\"elementor-accordion-item\">\n\t\t\t\t\t<div id=\"elementor-tab-title-2419\" class=\"elementor-tab-title\" data-tab=\"9\" role=\"tab\" aria-controls=\"elementor-tab-content-2419\" aria-expanded=\"false\">\n\t\t\t\t\t\t\t\t\t\t\t\t\t<span class=\"elementor-accordion-icon elementor-accordion-icon-left\" aria-hidden=\"true\">\n\t\t\t\t\t\t\t\t\t\t\t\t\t\t\t<span class=\"elementor-accordion-icon-closed\"><i class=\"fas fa-plus\"><\/i><\/span>\n\t\t\t\t\t\t\t\t<span class=\"elementor-accordion-icon-opened\"><i class=\"fas fa-minus\"><\/i><\/span>\n\t\t\t\t\t\t\t\t\t\t\t\t\t\t<\/span>\n\t\t\t\t\t\t\t\t\t\t\t\t<a class=\"elementor-accordion-title\" href=\"\">\u00bfCU\u00c1NTO TIEMPO TARDA EL TR\u00c1MITE?\t<\/a>\n\t\t\t\t\t<\/div>\n\t\t\t\t\t<div id=\"elementor-tab-content-2419\" class=\"elementor-tab-content elementor-clearfix\" data-tab=\"9\" role=\"tabpanel\" aria-labelledby=\"elementor-tab-title-2419\"><p>Este tr\u00e1mite est\u00e1 listo (15) d\u00edas h\u00e1biles posteriores a haber recibido los documentos y se enviar\u00e1 de regreso a la direcci\u00f3n registrada del interesado o la que indiquen, el env\u00edo ser\u00e1 mediante empresa de mensajer\u00eda (Cargo no incluido en el pago del tr\u00e1mite del Nombramiento).<\/p><p>Para cualquier duda sobre el proceso favor de contactar a su asesor de admisiones v\u00eda telef\u00f3nica o mediante correo electr\u00f3nico.<\/p><p style=\"text-align: center;\"><i>Atenci\u00f3n<br \/><\/i><i>Departamento de Admisiones<br \/><\/i><b><i>Consejo de Acreditaci\u00f3n I.C.C.A.<br \/><\/i><\/b><i>Paseo de la Reforma N\u00b0389 piso 12<br \/><\/i><i>Col. Cuauht\u00e9moc Delegaci\u00f3n. Cuauht\u00e9moc<br \/><\/i><i>C.P. 06500 M\u00e9xico D.F.<br \/><\/i>Tel. +(55)5986-3050, \u00a0+(55) 4303 3539<br \/><i><\/i><i><a href=\"mailto:contacto@icca-coaching.org\">contacto@icca-coaching.org<\/a><\/i><\/p><\/div>\n\t\t\t\t<\/div>\n\t\t\t\t\t\t\t\t<\/div>\n\t\t\t\t<\/div>\n\t\t\t\t<\/div>\n\t\t\t\t\t<\/div>\n\t\t<\/div>\n\t\t\t\t\t\t\t<\/div>\n\t\t<\/section>\n\t\t\t\t\t\t\t<\/div>\n\t\t","protected":false},"excerpt":{"rendered":"<p>Preguntas Frecuentes sobre el Nombramiento Master Coach Trainer \u00bfQU\u00c9 ES NOMBRAMIENTO M\u00c1STER COACH TRAINER I.C.C.A.? El Nombramiento Master Coach Trainer I.C.C.A es otorgado a profesionales del Coaching que hayan cumplido un total de 750 horas de entrenamiento adem\u00e1s de contar adicionalmente con 250 horas de pr\u00e1ctica independiente. El Nombramiento Master Coach Trainer es otorgado a &hellip;<\/p>\n<p class=\"read-more\"> <a class=\"\" href=\"https:\/\/icca-coaching.org\/ConsejoICCA\/master-coach-trainer-preguntas-frecuentes\/\"> <span class=\"screen-reader-text\">master coach trainer- preguntas frecuentes<\/span> Leer m\u00e1s &raquo;<\/a><\/p>\n","protected":false},"author":1,"featured_media":0,"parent":0,"menu_order":0,"comment_status":"closed","ping_status":"closed","template":"","meta":{"site-sidebar-layout":"no-sidebar","site-content-layout":"page-builder","ast-global-header-display":"","ast-banner-title-visibility":"","ast-main-header-display":"","ast-hfb-above-header-display":"","ast-hfb-below-header-display":"","ast-hfb-mobile-header-display":"","site-post-title":"disabled","ast-breadcrumbs-content":"","ast-featured-img":"disabled","footer-sml-layout":"","theme-transparent-header-meta":"","adv-header-id-meta":"","stick-header-meta":"","header-above-stick-meta":"","header-main-stick-meta":"","header-below-stick-meta":"","footnotes":""},"class_list":["post-925","page","type-page","status-publish","hentry"],"_links":{"self":[{"href":"https:\/\/icca-coaching.org\/ConsejoICCA\/wp-json\/wp\/v2\/pages\/925","targetHints":{"allow":["GET"]}}],"collection":[{"href":"https:\/\/icca-coaching.org\/ConsejoICCA\/wp-json\/wp\/v2\/pages"}],"about":[{"href":"https:\/\/icca-coaching.org\/ConsejoICCA\/wp-json\/wp\/v2\/types\/page"}],"author":[{"embeddable":true,"href":"https:\/\/icca-coaching.org\/ConsejoICCA\/wp-json\/wp\/v2\/users\/1"}],"replies":[{"embeddable":true,"href":"https:\/\/icca-coaching.org\/ConsejoICCA\/wp-json\/wp\/v2\/comments?post=925"}],"version-history":[{"count":7,"href":"https:\/\/icca-coaching.org\/ConsejoICCA\/wp-json\/wp\/v2\/pages\/925\/revisions"}],"predecessor-version":[{"id":933,"href":"https:\/\/icca-coaching.org\/ConsejoICCA\/wp-json\/wp\/v2\/pages\/925\/revisions\/933"}],"wp:attachment":[{"href":"https:\/\/icca-coaching.org\/ConsejoICCA\/wp-json\/wp\/v2\/media?parent=925"}],"curies":[{"name":"wp","href":"https:\/\/api.w.org\/{rel}","templated":true}]}}